{"id":1347,"date":"2024-04-23T12:35:13","date_gmt":"2024-04-23T12:35:13","guid":{"rendered":"https:\/\/ethik-portage.fr\/?page_id=1347"},"modified":"2024-04-23T12:46:14","modified_gmt":"2024-04-23T12:46:14","slug":"le-portage-salarial-un-allie-strategique-pour-repondre-aux-defis-des-jeux-olympiques-de-paris-2024","status":"publish","type":"page","link":"https:\/\/ethik-portage.fr\/index.php\/le-portage-salarial-un-allie-strategique-pour-repondre-aux-defis-des-jeux-olympiques-de-paris-2024\/","title":{"rendered":"Le Portage Salarial : Un Alli\u00e9 Strat\u00e9gique pour R\u00e9pondre aux D\u00e9fis des Jeux Olympiques de Paris 2024"},"content":{"rendered":"\n<div class=\"wp-block-columns alignfull is-layout-flex wp-container-core-columns-is-layout-9d6595d7 wp-block-columns-is-layout-flex\">\n<div class=\"wp-block-column is-layout-flow wp-block-column-is-layout-flow\" style=\"flex-basis:100%\"><div class=\"n2-section-smartslider fitvidsignore  n2_clear\" data-ssid=\"36\" tabindex=\"0\" role=\"region\" aria-label=\"Slider\"><div id=\"n2-ss-36-align\" class=\"n2-ss-align\"><div class=\"n2-padding\"><div id=\"n2-ss-36\" data-creator=\"Smart Slider 3\" data-responsive=\"fullwidth\" class=\"n2-ss-slider n2-ow n2-has-hover n2notransition  \">\n        <div class=\"n2-ss-slider-1 n2_ss__touch_element n2-ow\">\n            <div class=\"n2-ss-slider-2 n2-ow\">\n                                                <div class=\"n2-ss-slider-3 n2-ow\">\n\n                    <div class=\"n2-ss-slide-backgrounds n2-ow-all\"><div class=\"n2-ss-slide-background\" data-public-id=\"1\" data-mode=\"fill\"><div data-gradient=\"horizontal\" data-color-start=\"RGBA(121,182,82,1)\" data-color-end=\"RGBA(121,182,82,1)\" style=\"background:linear-gradient(to right, RGBA(121,182,82,1) 0%,RGBA(121,182,82,1) 100%);\" class=\"n2-ss-slide-background-color\"><\/div><\/div><\/div>                    <div class=\"n2-ss-slider-4 n2-ow\">\n                        <svg xmlns=\"http:\/\/www.w3.org\/2000\/svg\" viewBox=\"0 0 1300 600\" data-related-device=\"desktopPortrait\" class=\"n2-ow n2-ss-preserve-size n2-ss-preserve-size--slider n2-ss-slide-limiter\"><\/svg><div data-first=\"1\" data-slide-duration=\"0\" data-id=\"63\" data-slide-public-id=\"1\" data-title=\"Slide 1\" class=\"n2-ss-slide n2-ow  n2-ss-slide-63\"><div role=\"note\" class=\"n2-ss-slide--focus\" tabindex=\"-1\">Slide 1<\/div><div class=\"n2-ss-layers-container n2-ss-slide-limiter n2-ow\"><div class=\"n2-ss-layer n2-ow n-uc-KKechGlFtVBR\" data-sstype=\"slide\" data-pm=\"default\"><div class=\"n2-ss-layer n2-ow n-uc-dDza7vqY77r0\" data-pm=\"default\" data-sstype=\"content\" data-hasbackground=\"0\"><div class=\"n2-ss-section-main-content n2-ss-layer-with-background n2-ss-layer-content n2-ow n-uc-dDza7vqY77r0-inner\"><div class=\"n2-ss-layer n2-ow n2-ss-layer--block n2-ss-has-self-align n-uc-OJ46T4sf3RHQ\" data-pm=\"normal\" data-sstype=\"row\"><div class=\"n2-ss-layer-row n2-ss-layer-with-background n-uc-OJ46T4sf3RHQ-inner\"><div class=\"n2-ss-layer-row-inner \"><div class=\"n2-ss-layer n2-ow n-uc-JFEqNqVL4189\" data-pm=\"default\" data-sstype=\"col\"><div class=\"n2-ss-layer-col n2-ss-layer-with-background n2-ss-layer-content n-uc-JFEqNqVL4189-inner\"><div class=\"n2-ss-layer n2-ow n-uc-XnH7ZL76AvvD\" data-pm=\"normal\" data-sstype=\"layer\"><div class=\"n2-ss-item-content n2-ss-text n2-ow-all\"><div data-hide-desktoplandscape=\"1\" data-hide-desktopportrait=\"1\" data-hide-tabletlandscape=\"1\" data-hide-tabletportrait=\"1\"><p class=\"n2-font-12db7bb1bf0e01dd9ff80a47a1320a23-paragraph   \">\u00c0 l&#8217;aube des Jeux Olympiques de Paris 2024, Ethik Portage se positionne comme un acteur cl\u00e9 dans le paysage du march\u00e9 du travail, pr\u00eat \u00e0 relever les d\u00e9fis et \u00e0 saisir les opportunit\u00e9s offertes par cet \u00e9v\u00e9nement embl\u00e9matique. Dans cet article, nous explorons l&#8217;impact des Jeux Olympiques sur le march\u00e9 du travail et le r\u00f4le crucial que le portage salarial joue dans ce contexte, mettant en lumi\u00e8re la flexibilit\u00e9, l&#8217;agilit\u00e9 et l&#8217;expertise qu&#8217;Ethik Portage apporte \u00e0 ses clients.<\/p>\n<\/div><div class=\"\" data-hide-desktoplandscape=\"1\" data-hide-desktopportrait=\"1\" data-hide-mobilelandscape=\"1\" data-hide-mobileportrait=\"1\"><p class=\"n2-font-12db7bb1bf0e01dd9ff80a47a1320a23-paragraph  \">\u00c0 l&#8217;aube des Jeux Olympiques de Paris 2024, Ethik Portage se positionne comme un acteur cl\u00e9 dans le paysage du march\u00e9 du travail, pr\u00eat \u00e0 relever les d\u00e9fis et \u00e0 saisir les opportunit\u00e9s offertes par cet \u00e9v\u00e9nement embl\u00e9matique. Dans cet article, nous explorons l&#8217;impact des Jeux Olympiques sur le march\u00e9 du travail et le r\u00f4le crucial que le portage salarial joue dans ce contexte, mettant en lumi\u00e8re la flexibilit\u00e9, l&#8217;agilit\u00e9 et l&#8217;expertise qu&#8217;Ethik Portage apporte \u00e0 ses clients.<\/p>\n<\/div><div class=\"\" data-hide-mobilelandscape=\"1\" data-hide-mobileportrait=\"1\" data-hide-tabletlandscape=\"1\" data-hide-tabletportrait=\"1\"><p class=\"n2-font-12db7bb1bf0e01dd9ff80a47a1320a23-paragraph   \">\u00c0 l&#8217;aube des Jeux Olympiques de Paris 2024, Ethik Portage se positionne comme un acteur cl\u00e9 dans le paysage du march\u00e9 du travail, pr\u00eat \u00e0 relever les d\u00e9fis et \u00e0 saisir les opportunit\u00e9s offertes par cet \u00e9v\u00e9nement embl\u00e9matique. Dans cet article, nous explorons l&#8217;impact des Jeux Olympiques sur le march\u00e9 du travail et le r\u00f4le crucial que le portage salarial joue dans ce contexte, mettant en lumi\u00e8re la flexibilit\u00e9, l&#8217;agilit\u00e9 et l&#8217;expertise qu&#8217;Ethik Portage apporte \u00e0 ses clients.<\/p>\n<\/div><\/div><\/div><\/div><\/div><\/div><\/div><\/div><div class=\"n2-ss-layer n2-ow n-uc-26yMr6hZKQMJ\" data-pm=\"normal\" data-sstype=\"layer\"><h2 id=\"n2-ss-36item2\" class=\"n2-font-bcf5d892663ee0b2b3cafe0dfbbd624b-hover   n2-ss-item-content n2-ss-text n2-ow\" style=\"display:block;\">Un Besoin Croissant de Comp\u00e9tences Polyvalentes :<br><\/h2><\/div><div class=\"n2-ss-layer n2-ow n2-ss-layer--block n2-ss-has-self-align n-uc-WING7QUzKgtK\" data-pm=\"normal\" data-sstype=\"row\"><div class=\"n2-ss-layer-row n2-ss-layer-with-background n-uc-WING7QUzKgtK-inner\"><div class=\"n2-ss-layer-row-inner \"><div class=\"n2-ss-layer n2-ow n-uc-TVq7Tk2hG43W\" data-pm=\"default\" data-sstype=\"col\"><div class=\"n2-ss-layer-col n2-ss-layer-with-background n2-ss-layer-content n-uc-TVq7Tk2hG43W-inner\"><div class=\"n2-ss-layer n2-ow n-uc-8kJMMNqLEQwl\" data-pm=\"normal\" data-sstype=\"layer\"><div class=\"n2-ss-item-content n2-ss-text n2-ow-all\"><div data-hide-desktoplandscape=\"1\" data-hide-desktopportrait=\"1\" data-hide-tabletlandscape=\"1\" data-hide-tabletportrait=\"1\"><p class=\"n2-font-bb776904c4b945474dd24e7c6d77b90d-paragraph   \">Les Jeux Olympiques de Paris 2024 mobiliseront une multitude de professionnels aux comp\u00e9tences diverses. De la construction d&#8217;infrastructures \u00e0 la gestion des services \u00e9v\u00e9nementiels en passant par la s\u00e9curit\u00e9 et l&#8217;hospitalit\u00e9, une vari\u00e9t\u00e9 de comp\u00e9tences sera requise pour garantir le succ\u00e8s de cet \u00e9v\u00e9nement de grande envergure.<br \/>\n<br \/>\nEthik Portage r\u00e9pond \u00e0 ce besoin en fournissant un acc\u00e8s rapide et facile \u00e0 des professionnels qualifi\u00e9s dans une multitude de domaines. Notre r\u00e9seau de talents offre aux entreprises la possibilit\u00e9 de trouver les comp\u00e9tences n\u00e9cessaires, sans les contraintes des contrats de travail traditionnels.<\/p>\n<\/div><div class=\"\" data-hide-desktoplandscape=\"1\" data-hide-desktopportrait=\"1\" data-hide-mobilelandscape=\"1\" data-hide-mobileportrait=\"1\"><p class=\"n2-font-bb776904c4b945474dd24e7c6d77b90d-paragraph  \">Les Jeux Olympiques de Paris 2024 mobiliseront une multitude de professionnels aux comp\u00e9tences diverses. De la construction d&#8217;infrastructures \u00e0 la gestion des services \u00e9v\u00e9nementiels en passant par la s\u00e9curit\u00e9 et l&#8217;hospitalit\u00e9, une vari\u00e9t\u00e9 de comp\u00e9tences sera requise pour garantir le succ\u00e8s de cet \u00e9v\u00e9nement de grande envergure.<br \/>\n<br \/>\nEthik Portage r\u00e9pond \u00e0 ce besoin en fournissant un acc\u00e8s rapide et facile \u00e0 des professionnels qualifi\u00e9s dans une multitude de domaines. Notre r\u00e9seau de talents offre aux entreprises la possibilit\u00e9 de trouver les comp\u00e9tences n\u00e9cessaires, sans les contraintes des contrats de travail traditionnels.<\/p>\n<\/div><div class=\"\" data-hide-mobilelandscape=\"1\" data-hide-mobileportrait=\"1\" data-hide-tabletlandscape=\"1\" data-hide-tabletportrait=\"1\"><p class=\"n2-font-bb776904c4b945474dd24e7c6d77b90d-paragraph   \">Les Jeux Olympiques de Paris 2024 mobiliseront une multitude de professionnels aux comp\u00e9tences diverses. De la construction d&#8217;infrastructures \u00e0 la gestion des services \u00e9v\u00e9nementiels en passant par la s\u00e9curit\u00e9 et l&#8217;hospitalit\u00e9, une vari\u00e9t\u00e9 de comp\u00e9tences sera requise pour garantir le succ\u00e8s de cet \u00e9v\u00e9nement de grande envergure.<br \/>\n<br \/>\nEthik Portage r\u00e9pond \u00e0 ce besoin en fournissant un acc\u00e8s rapide et facile \u00e0 des professionnels qualifi\u00e9s dans une multitude de domaines. Notre r\u00e9seau de talents offre aux entreprises la possibilit\u00e9 de trouver les comp\u00e9tences n\u00e9cessaires, sans les contraintes des contrats de travail traditionnels.<\/p>\n<\/div><\/div><\/div><\/div><\/div><div class=\"n2-ss-layer n2-ow n-uc-gA81OVzBqA1P\" data-pm=\"default\" data-sstype=\"col\"><div class=\"n2-ss-layer-col n2-ss-layer-with-background n2-ss-layer-content n-uc-gA81OVzBqA1P-inner\"><div class=\"n2-ss-layer n2-ow n-uc-QfuYU4ZV0jri\" data-pm=\"normal\" data-sstype=\"layer\"><div class=\" n2-ss-item-image-content n2-ss-item-content n2-ow-all\"><img loading=\"lazy\" decoding=\"async\" id=\"n2-ss-36item4\" alt=\"\" class=\"skip-lazy\" width=\"2560\" height=\"2402\" data-skip-lazy=\"1\" src=\"\/\/ethik-portage.fr\/wp-content\/uploads\/2024\/04\/man-male-studio-casual-copy-space-visual-portrait-concept-scaled.jpg\" \/><\/div><\/div><\/div><\/div><\/div><\/div><\/div><div class=\"n2-ss-layer n2-ow n-uc-lV7t4ZWPz8j4\" data-pm=\"normal\" data-sstype=\"layer\"><h2 id=\"n2-ss-36item5\" class=\"n2-font-bcf5d892663ee0b2b3cafe0dfbbd624b-hover   n2-ss-item-content n2-ss-text n2-ow\" style=\"display:block;\">Flexibilit\u00e9 et Agilit\u00e9 pour les Entreprises :<br><\/h2><\/div><div class=\"n2-ss-layer n2-ow n2-ss-layer--block n2-ss-has-self-align n-uc-GmJydayUBMfX\" data-pm=\"normal\" data-sstype=\"row\"><div class=\"n2-ss-layer-row n2-ss-layer-with-background n-uc-GmJydayUBMfX-inner\"><div class=\"n2-ss-layer-row-inner \"><div class=\"n2-ss-layer n2-ow n-uc-TGboHuBqhdXF\" data-pm=\"default\" data-sstype=\"col\"><div class=\"n2-ss-layer-col n2-ss-layer-with-background n2-ss-layer-content n-uc-TGboHuBqhdXF-inner\"><div class=\"n2-ss-layer n2-ow n-uc-yOIOK5gSZXau\" data-pm=\"normal\" data-sstype=\"layer\"><div class=\" n2-ss-item-image-content n2-ss-item-content n2-ow-all\"><img loading=\"lazy\" decoding=\"async\" id=\"n2-ss-36item6\" alt=\"\" class=\"skip-lazy\" width=\"2560\" height=\"1707\" data-skip-lazy=\"1\" src=\"\/\/ethik-portage.fr\/wp-content\/uploads\/2024\/04\/happy-colleagues-office-give-high-five-each-other-scaled.jpg\" \/><\/div><\/div><\/div><\/div><div class=\"n2-ss-layer n2-ow n-uc-3fdBcmt1kXK4\" data-pm=\"default\" data-sstype=\"col\"><div class=\"n2-ss-layer-col n2-ss-layer-with-background n2-ss-layer-content n-uc-3fdBcmt1kXK4-inner\"><div class=\"n2-ss-layer n2-ow n-uc-XwEHXo6zzmYk\" data-pm=\"normal\" data-sstype=\"layer\"><div class=\"n2-ss-item-content n2-ss-text n2-ow-all\"><div data-hide-desktoplandscape=\"1\" data-hide-desktopportrait=\"1\" data-hide-tabletlandscape=\"1\" data-hide-tabletportrait=\"1\"><p class=\"n2-font-bb776904c4b945474dd24e7c6d77b90d-paragraph   \">Dans un contexte o\u00f9 les besoins en main-d&#8217;\u0153uvre peuvent varier rapidement, la flexibilit\u00e9 est essentielle. Ethik Portage offre aux entreprises la possibilit\u00e9 d&#8217;ajuster leur effectif en fonction des demandes changeantes, sans compromettre la qualit\u00e9 du travail.<br \/>\n<br \/>\nNotre mod\u00e8le de portage salarial permet aux entreprises de b\u00e9n\u00e9ficier de la flexibilit\u00e9 n\u00e9cessaire pour r\u00e9pondre aux fluctuations du march\u00e9 du travail, tout en garantissant une gestion transparente et s\u00e9curis\u00e9e des ressources humaines.<\/p>\n<\/div><div class=\"\" data-hide-desktoplandscape=\"1\" data-hide-desktopportrait=\"1\" data-hide-mobilelandscape=\"1\" data-hide-mobileportrait=\"1\"><p class=\"n2-font-bb776904c4b945474dd24e7c6d77b90d-paragraph  \">Dans un contexte o\u00f9 les besoins en main-d&#8217;\u0153uvre peuvent varier rapidement, la flexibilit\u00e9 est essentielle. Ethik Portage offre aux entreprises la possibilit\u00e9 d&#8217;ajuster leur effectif en fonction des demandes changeantes, sans compromettre la qualit\u00e9 du travail.<br \/>\n<br \/>\nNotre mod\u00e8le de portage salarial permet aux entreprises de b\u00e9n\u00e9ficier de la flexibilit\u00e9 n\u00e9cessaire pour r\u00e9pondre aux fluctuations du march\u00e9 du travail, tout en garantissant une gestion transparente et s\u00e9curis\u00e9e des ressources humaines.<\/p>\n<\/div><div class=\"\" data-hide-mobilelandscape=\"1\" data-hide-mobileportrait=\"1\" data-hide-tabletlandscape=\"1\" data-hide-tabletportrait=\"1\"><p class=\"n2-font-bb776904c4b945474dd24e7c6d77b90d-paragraph   \">Dans un contexte o\u00f9 les besoins en main-d&#8217;\u0153uvre peuvent varier rapidement, la flexibilit\u00e9 est essentielle. Ethik Portage offre aux entreprises la possibilit\u00e9 d&#8217;ajuster leur effectif en fonction des demandes changeantes, sans compromettre la qualit\u00e9 du travail.<br \/>\n<br \/>\nNotre mod\u00e8le de portage salarial permet aux entreprises de b\u00e9n\u00e9ficier de la flexibilit\u00e9 n\u00e9cessaire pour r\u00e9pondre aux fluctuations du march\u00e9 du travail, tout en garantissant une gestion transparente et s\u00e9curis\u00e9e des ressources humaines.<\/p>\n<\/div><\/div><\/div><\/div><\/div><\/div><\/div><\/div><div class=\"n2-ss-layer n2-ow n-uc-2Eipw1jQFpo7\" data-pm=\"normal\" data-sstype=\"layer\"><h2 id=\"n2-ss-36item8\" class=\"n2-font-bcf5d892663ee0b2b3cafe0dfbbd624b-hover   n2-ss-item-content n2-ss-text n2-ow\" style=\"display:block;\">Un Tremplin pour les Professionnels Ind\u00e9pendants :<\/h2><\/div><div class=\"n2-ss-layer n2-ow n2-ss-layer--block n2-ss-has-self-align n-uc-6fKgY19c6ZSa\" data-pm=\"normal\" data-sstype=\"row\"><div class=\"n2-ss-layer-row n2-ss-layer-with-background n-uc-6fKgY19c6ZSa-inner\"><div class=\"n2-ss-layer-row-inner \"><div class=\"n2-ss-layer n2-ow n-uc-Jkq0b6bK77Ig\" data-pm=\"default\" data-sstype=\"col\"><div class=\"n2-ss-layer-col n2-ss-layer-with-background n2-ss-layer-content n-uc-Jkq0b6bK77Ig-inner\"><div class=\"n2-ss-layer n2-ow n-uc-0dQzZ7rke5by\" data-pm=\"normal\" data-sstype=\"layer\"><div class=\"n2-ss-item-content n2-ss-text n2-ow-all\"><div data-hide-desktoplandscape=\"1\" data-hide-desktopportrait=\"1\" data-hide-tabletlandscape=\"1\" data-hide-tabletportrait=\"1\"><p class=\"n2-font-bb776904c4b945474dd24e7c6d77b90d-paragraph   \">Pour les professionnels ind\u00e9pendants, les Jeux Olympiques de Paris 2024 repr\u00e9sentent une occasion unique de mettre en valeur leurs comp\u00e9tences et de d\u00e9velopper leur activit\u00e9. Ethik Portage leur offre un cadre s\u00e9curis\u00e9 pour exercer leur m\u00e9tier tout en b\u00e9n\u00e9ficiant des avantages du statut de salari\u00e9.<br \/>\n<br \/>\nEn travaillant avec Ethik Portage, les professionnels ind\u00e9pendants peuvent se concentrer sur leur expertise sans se soucier des t\u00e2ches administratives, tout en ayant la libert\u00e9 de choisir les missions qui correspondent le mieux \u00e0 leurs comp\u00e9tences et \u00e0 leurs int\u00e9r\u00eats.<\/p>\n<\/div><div class=\"\" data-hide-desktoplandscape=\"1\" data-hide-desktopportrait=\"1\" data-hide-mobilelandscape=\"1\" data-hide-mobileportrait=\"1\"><p class=\"n2-font-bb776904c4b945474dd24e7c6d77b90d-paragraph  \">Pour les professionnels ind\u00e9pendants, les Jeux Olympiques de Paris 2024 repr\u00e9sentent une occasion unique de mettre en valeur leurs comp\u00e9tences et de d\u00e9velopper leur activit\u00e9. Ethik Portage leur offre un cadre s\u00e9curis\u00e9 pour exercer leur m\u00e9tier tout en b\u00e9n\u00e9ficiant des avantages du statut de salari\u00e9.<br \/>\n<br \/>\nEn travaillant avec Ethik Portage, les professionnels ind\u00e9pendants peuvent se concentrer sur leur expertise sans se soucier des t\u00e2ches administratives, tout en ayant la libert\u00e9 de choisir les missions qui correspondent le mieux \u00e0 leurs comp\u00e9tences et \u00e0 leurs int\u00e9r\u00eats.<\/p>\n<\/div><div class=\"\" data-hide-mobilelandscape=\"1\" data-hide-mobileportrait=\"1\" data-hide-tabletlandscape=\"1\" data-hide-tabletportrait=\"1\"><p class=\"n2-font-bb776904c4b945474dd24e7c6d77b90d-paragraph   \">Pour les professionnels ind\u00e9pendants, les Jeux Olympiques de Paris 2024 repr\u00e9sentent une occasion unique de mettre en valeur leurs comp\u00e9tences et de d\u00e9velopper leur activit\u00e9. Ethik Portage leur offre un cadre s\u00e9curis\u00e9 pour exercer leur m\u00e9tier tout en b\u00e9n\u00e9ficiant des avantages du statut de salari\u00e9.<br \/>\n<br \/>\nEn travaillant avec Ethik Portage, les professionnels ind\u00e9pendants peuvent se concentrer sur leur expertise sans se soucier des t\u00e2ches administratives, tout en ayant la libert\u00e9 de choisir les missions qui correspondent le mieux \u00e0 leurs comp\u00e9tences et \u00e0 leurs int\u00e9r\u00eats.<\/p>\n<\/div><\/div><\/div><\/div><\/div><div class=\"n2-ss-layer n2-ow n-uc-41b4JCRDkvNZ\" data-pm=\"default\" data-sstype=\"col\"><div class=\"n2-ss-layer-col n2-ss-layer-with-background n2-ss-layer-content n-uc-41b4JCRDkvNZ-inner\"><div class=\"n2-ss-layer n2-ow n-uc-W7Wy8evVKyyD\" data-pm=\"normal\" data-sstype=\"layer\"><div class=\" n2-ss-item-image-content n2-ss-item-content n2-ow-all\"><img loading=\"lazy\" decoding=\"async\" id=\"n2-ss-36item10\" alt=\"\" class=\"skip-lazy\" width=\"2560\" height=\"1707\" data-skip-lazy=\"1\" src=\"\/\/ethik-portage.fr\/wp-content\/uploads\/2024\/04\/young-smiling-business-woman-eyeglasses-shirt-dreamily-looking-camera-showing-ok-gesture-while-spending-time-office-with-colleagues-background-scaled.jpg\" \/><\/div><\/div><\/div><\/div><\/div><\/div><\/div><div class=\"n2-ss-layer n2-ow n-uc-RBIfEOTxRMqq\" data-pm=\"normal\" data-sstype=\"layer\"><div class=\"n2-ss-item-content n2-ss-text n2-ow-all\"><div data-hide-desktoplandscape=\"1\" data-hide-desktopportrait=\"1\" data-hide-tabletlandscape=\"1\" data-hide-tabletportrait=\"1\"><p class=\"n2-font-bb776904c4b945474dd24e7c6d77b90d-paragraph   \">Ethik Portage s&#8217;engage \u00e0 accompagner ses clients dans la r\u00e9ussite des Jeux Olympiques de Paris 2024. En offrant des solutions de portage salarial flexibles, agiles et adapt\u00e9es, nous sommes pr\u00eats \u00e0 relever les d\u00e9fis et \u00e0 saisir les opportunit\u00e9s offertes par cet \u00e9v\u00e9nement historique.<br \/>\n<br \/>\nContactez Ethik Portage d\u00e8s aujourd&#8217;hui pour d\u00e9couvrir comment nous pouvons vous aider \u00e0 tirer parti des Jeux Olympiques de Paris 2024 et \u00e0 faire avancer votre entreprise vers le succ\u00e8s.<\/p>\n<\/div><div class=\"\" data-hide-desktoplandscape=\"1\" data-hide-desktopportrait=\"1\" data-hide-mobilelandscape=\"1\" data-hide-mobileportrait=\"1\"><p class=\"n2-font-bb776904c4b945474dd24e7c6d77b90d-paragraph  \">Ethik Portage s&#8217;engage \u00e0 accompagner ses clients dans la r\u00e9ussite des Jeux Olympiques de Paris 2024. En offrant des solutions de portage salarial flexibles, agiles et adapt\u00e9es, nous sommes pr\u00eats \u00e0 relever les d\u00e9fis et \u00e0 saisir les opportunit\u00e9s offertes par cet \u00e9v\u00e9nement historique.<br \/>\n<br \/>\nContactez Ethik Portage d\u00e8s aujourd&#8217;hui pour d\u00e9couvrir comment nous pouvons vous aider \u00e0 tirer parti des Jeux Olympiques de Paris 2024 et \u00e0 faire avancer votre entreprise vers le succ\u00e8s.<\/p>\n<\/div><div class=\"\" data-hide-mobilelandscape=\"1\" data-hide-mobileportrait=\"1\" data-hide-tabletlandscape=\"1\" data-hide-tabletportrait=\"1\"><p class=\"n2-font-bb776904c4b945474dd24e7c6d77b90d-paragraph   \">Ethik Portage s&#8217;engage \u00e0 accompagner ses clients dans la r\u00e9ussite des Jeux Olympiques de Paris 2024. En offrant des solutions de portage salarial flexibles, agiles et adapt\u00e9es, nous sommes pr\u00eats \u00e0 relever les d\u00e9fis et \u00e0 saisir les opportunit\u00e9s offertes par cet \u00e9v\u00e9nement historique.<br \/>\n<br \/>\nContactez Ethik Portage d\u00e8s aujourd&#8217;hui pour d\u00e9couvrir comment nous pouvons vous aider \u00e0 tirer parti des Jeux Olympiques de Paris 2024 et \u00e0 faire avancer votre entreprise vers le succ\u00e8s.<\/p>\n<\/div><\/div><\/div><\/div><\/div><\/div><\/div><\/div>                    <\/div>\n\n                                    <\/div>\n            <\/div>\n        <\/div>\n        <\/div><ss3-loader><\/ss3-loader><\/div><\/div><div class=\"n2_clear\"><\/div><\/div><\/div>\n<\/div>\n","protected":false},"excerpt":{"rendered":"","protected":false},"author":1,"featured_media":0,"parent":0,"menu_order":0,"comment_status":"closed","ping_status":"closed","template":"","meta":{"footnotes":""},"class_list":["post-1347","page","type-page","status-publish","hentry"],"_links":{"self":[{"href":"https:\/\/ethik-portage.fr\/index.php\/wp-json\/wp\/v2\/pages\/1347","targetHints":{"allow":["GET"]}}],"collection":[{"href":"https:\/\/ethik-portage.fr\/index.php\/wp-json\/wp\/v2\/pages"}],"about":[{"href":"https:\/\/ethik-portage.fr\/index.php\/wp-json\/wp\/v2\/types\/page"}],"author":[{"embeddable":true,"href":"https:\/\/ethik-portage.fr\/index.php\/wp-json\/wp\/v2\/users\/1"}],"replies":[{"embeddable":true,"href":"https:\/\/ethik-portage.fr\/index.php\/wp-json\/wp\/v2\/comments?post=1347"}],"version-history":[{"count":2,"href":"https:\/\/ethik-portage.fr\/index.php\/wp-json\/wp\/v2\/pages\/1347\/revisions"}],"predecessor-version":[{"id":1349,"href":"https:\/\/ethik-portage.fr\/index.php\/wp-json\/wp\/v2\/pages\/1347\/revisions\/1349"}],"wp:attachment":[{"href":"https:\/\/ethik-portage.fr\/index.php\/wp-json\/wp\/v2\/media?parent=1347"}],"curies":[{"name":"wp","href":"https:\/\/api.w.org\/{rel}","templated":true}]}}