{"id":1335,"date":"2024-04-16T16:58:27","date_gmt":"2024-04-16T16:58:27","guid":{"rendered":"https:\/\/ethik-portage.fr\/?page_id=1335"},"modified":"2024-04-16T17:09:08","modified_gmt":"2024-04-16T17:09:08","slug":"chez-ethik-portage-laccompagnement-et-la-formation-au-coeur-de-votre-reussite-professionnelle","status":"publish","type":"page","link":"https:\/\/ethik-portage.fr\/index.php\/chez-ethik-portage-laccompagnement-et-la-formation-au-coeur-de-votre-reussite-professionnelle\/","title":{"rendered":"Chez Ethik Portage, l&#8217;Accompagnement et la Formation au C\u0153ur de Votre R\u00e9ussite Professionnelle"},"content":{"rendered":"\n<div class=\"wp-block-columns alignfull are-vertically-aligned-top is-layout-flex wp-container-core-columns-is-layout-9d6595d7 wp-block-columns-is-layout-flex\">\n<div class=\"wp-block-column is-vertically-aligned-top is-layout-flow wp-block-column-is-layout-flow\" style=\"flex-basis:100%\"><div class=\"n2-section-smartslider fitvidsignore  n2_clear\" data-ssid=\"35\" tabindex=\"0\" role=\"region\" aria-label=\"Slider\"><div id=\"n2-ss-35-align\" class=\"n2-ss-align\"><div class=\"n2-padding\"><div id=\"n2-ss-35\" data-creator=\"Smart Slider 3\" data-responsive=\"fullwidth\" class=\"n2-ss-slider n2-ow n2-has-hover n2notransition  \">\n        <div class=\"n2-ss-slider-1 n2_ss__touch_element n2-ow\">\n            <div class=\"n2-ss-slider-2 n2-ow\">\n                                                <div class=\"n2-ss-slider-3 n2-ow\">\n\n                    <div class=\"n2-ss-slide-backgrounds n2-ow-all\"><div class=\"n2-ss-slide-background\" data-public-id=\"1\" data-mode=\"fill\"><div data-gradient=\"horizontal\" data-color-start=\"RGBA(121,182,82,1)\" data-color-end=\"RGBA(121,182,82,1)\" style=\"background:linear-gradient(to right, RGBA(121,182,82,1) 0%,RGBA(121,182,82,1) 100%);\" class=\"n2-ss-slide-background-color\"><\/div><\/div><\/div>                    <div class=\"n2-ss-slider-4 n2-ow\">\n                        <svg xmlns=\"http:\/\/www.w3.org\/2000\/svg\" viewBox=\"0 0 1300 600\" data-related-device=\"desktopPortrait\" class=\"n2-ow n2-ss-preserve-size n2-ss-preserve-size--slider n2-ss-slide-limiter\"><\/svg><div data-first=\"1\" data-slide-duration=\"0\" data-id=\"62\" data-slide-public-id=\"1\" data-title=\"Slide 1\" class=\"n2-ss-slide n2-ow  n2-ss-slide-62\"><div role=\"note\" class=\"n2-ss-slide--focus\" tabindex=\"-1\">Slide 1<\/div><div class=\"n2-ss-layers-container n2-ss-slide-limiter n2-ow\"><div class=\"n2-ss-layer n2-ow n-uc-Yb7pF4S19UyO\" data-sstype=\"slide\" data-pm=\"default\"><div class=\"n2-ss-layer n2-ow n-uc-MXDnVFrguF9w\" data-pm=\"default\" data-sstype=\"content\" data-hasbackground=\"0\"><div class=\"n2-ss-section-main-content n2-ss-layer-with-background n2-ss-layer-content n2-ow n-uc-MXDnVFrguF9w-inner\"><div class=\"n2-ss-layer n2-ow n2-ss-layer--block n2-ss-has-self-align n-uc-7ilumkF4Mav1\" data-pm=\"normal\" data-sstype=\"row\"><div class=\"n2-ss-layer-row n2-ss-layer-with-background n-uc-7ilumkF4Mav1-inner\"><div class=\"n2-ss-layer-row-inner \"><div class=\"n2-ss-layer n2-ow n-uc-iVmpN6ddhTCg\" data-pm=\"default\" data-sstype=\"col\"><div class=\"n2-ss-layer-col n2-ss-layer-with-background n2-ss-layer-content n-uc-iVmpN6ddhTCg-inner\"><div class=\"n2-ss-layer n2-ow n-uc-HBu5KVkzk9aZ\" data-pm=\"normal\" data-sstype=\"layer\"><div class=\"n2-ss-item-content n2-ss-text n2-ow-all\"><div data-hide-desktoplandscape=\"1\" data-hide-desktopportrait=\"1\" data-hide-tabletlandscape=\"1\" data-hide-tabletportrait=\"1\"><p class=\"n2-font-bb776904c4b945474dd24e7c6d77b90d-paragraph   \">Chez Ethik Portage, nous croyons fermement que la r\u00e9ussite professionnelle repose sur un accompagnement de qualit\u00e9 et une formation continue. Nous sommes engag\u00e9s \u00e0 fournir \u00e0 nos consultants en portage salarial les outils et les ressources n\u00e9cessaires pour exceller dans leurs missions. D\u00e9couvrez comment nous les soutenons dans leur parcours professionnel.<\/p>\n<\/div><div class=\"\" data-hide-desktoplandscape=\"1\" data-hide-desktopportrait=\"1\" data-hide-mobilelandscape=\"1\" data-hide-mobileportrait=\"1\"><p class=\"n2-font-bb776904c4b945474dd24e7c6d77b90d-paragraph  \">Chez Ethik Portage, nous croyons fermement que la r\u00e9ussite professionnelle repose sur un accompagnement de qualit\u00e9 et une formation continue. Nous sommes engag\u00e9s \u00e0 fournir \u00e0 nos consultants en portage salarial les outils et les ressources n\u00e9cessaires pour exceller dans leurs missions. D\u00e9couvrez comment nous les soutenons dans leur parcours professionnel.<\/p>\n<\/div><div class=\"\" data-hide-mobilelandscape=\"1\" data-hide-mobileportrait=\"1\" data-hide-tabletlandscape=\"1\" data-hide-tabletportrait=\"1\"><p class=\"n2-font-bb776904c4b945474dd24e7c6d77b90d-paragraph   \">Chez Ethik Portage, nous croyons fermement que la r\u00e9ussite professionnelle repose sur un accompagnement de qualit\u00e9 et une formation continue. Nous sommes engag\u00e9s \u00e0 fournir \u00e0 nos consultants en portage salarial les outils et les ressources n\u00e9cessaires pour exceller dans leurs missions. D\u00e9couvrez comment nous les soutenons dans leur parcours professionnel.<\/p>\n<\/div><\/div><\/div><\/div><\/div><\/div><\/div><\/div><div class=\"n2-ss-layer n2-ow n-uc-bDxAoTbn0tSd\" data-pm=\"normal\" data-sstype=\"layer\"><h2 id=\"n2-ss-35item2\" class=\"n2-font-bcf5d892663ee0b2b3cafe0dfbbd624b-hover   n2-ss-item-content n2-ss-text n2-ow\" style=\"display:block;\">Des formations sur mesure<\/h2><\/div><div class=\"n2-ss-layer n2-ow n2-ss-layer--block n2-ss-has-self-align n-uc-WwnnZFDlScTh\" data-pm=\"normal\" data-sstype=\"row\"><div class=\"n2-ss-layer-row n2-ss-layer-with-background n-uc-WwnnZFDlScTh-inner\"><div class=\"n2-ss-layer-row-inner \"><div class=\"n2-ss-layer n2-ow n-uc-57siszoIZsdE\" data-pm=\"default\" data-sstype=\"col\"><div class=\"n2-ss-layer-col n2-ss-layer-with-background n2-ss-layer-content n-uc-57siszoIZsdE-inner\"><div class=\"n2-ss-layer n2-ow n-uc-wx986RE2kQFE\" data-pm=\"normal\" data-sstype=\"layer\"><div class=\"n2-ss-item-content n2-ss-text n2-ow-all\"><div data-hide-desktoplandscape=\"1\" data-hide-desktopportrait=\"1\" data-hide-tabletlandscape=\"1\" data-hide-tabletportrait=\"1\"><p class=\"n2-font-bb776904c4b945474dd24e7c6d77b90d-paragraph   \">Nous proposons \u00e0 nos consultants des formations adapt\u00e9es \u00e0 leurs besoins sp\u00e9cifiques. Que ce soit pour d\u00e9velopper leurs comp\u00e9tences techniques, renforcer leurs soft skills ou d\u00e9couvrir de nouveaux domaines d&#8217;expertise, nos programmes de formation sur mesure sont con\u00e7us pour r\u00e9pondre \u00e0 leurs attentes et leurs objectifs professionnels.<\/p>\n<\/div><div class=\"\" data-hide-desktoplandscape=\"1\" data-hide-desktopportrait=\"1\" data-hide-mobilelandscape=\"1\" data-hide-mobileportrait=\"1\"><p class=\"n2-font-bb776904c4b945474dd24e7c6d77b90d-paragraph  \">Nous proposons \u00e0 nos consultants des formations adapt\u00e9es \u00e0 leurs besoins sp\u00e9cifiques. Que ce soit pour d\u00e9velopper leurs comp\u00e9tences techniques, renforcer leurs soft skills ou d\u00e9couvrir de nouveaux domaines d&#8217;expertise, nos programmes de formation sur mesure sont con\u00e7us pour r\u00e9pondre \u00e0 leurs attentes et leurs objectifs professionnels.<\/p>\n<\/div><div class=\"\" data-hide-mobilelandscape=\"1\" data-hide-mobileportrait=\"1\" data-hide-tabletlandscape=\"1\" data-hide-tabletportrait=\"1\"><p class=\"n2-font-bb776904c4b945474dd24e7c6d77b90d-paragraph   \">Nous proposons \u00e0 nos consultants des formations adapt\u00e9es \u00e0 leurs besoins sp\u00e9cifiques. Que ce soit pour d\u00e9velopper leurs comp\u00e9tences techniques, renforcer leurs soft skills ou d\u00e9couvrir de nouveaux domaines d&#8217;expertise, nos programmes de formation sur mesure sont con\u00e7us pour r\u00e9pondre \u00e0 leurs attentes et leurs objectifs professionnels.<\/p>\n<\/div><\/div><\/div><\/div><\/div><div class=\"n2-ss-layer n2-ow n-uc-YkcPjSzxgLlB\" data-pm=\"default\" data-sstype=\"col\"><div class=\"n2-ss-layer-col n2-ss-layer-with-background n2-ss-layer-content n-uc-YkcPjSzxgLlB-inner\"><div class=\"n2-ss-layer n2-ow n-uc-Vq7BCcRcarri\" data-pm=\"normal\" data-sstype=\"layer\"><div class=\" n2-ss-item-image-content n2-ss-item-content n2-ow-all\"><img loading=\"lazy\" decoding=\"async\" id=\"n2-ss-35item4\" alt=\"\" class=\"skip-lazy\" width=\"2560\" height=\"1709\" data-skip-lazy=\"1\" src=\"\/\/ethik-portage.fr\/wp-content\/uploads\/2024\/04\/crop-friends-preparing-exam-scaled.jpg\" \/><\/div><\/div><\/div><\/div><\/div><\/div><\/div><div class=\"n2-ss-layer n2-ow n-uc-J0Vb6jvVgImi\" data-pm=\"normal\" data-sstype=\"layer\"><h2 id=\"n2-ss-35item5\" class=\"n2-font-bcf5d892663ee0b2b3cafe0dfbbd624b-hover   n2-ss-item-content n2-ss-text n2-ow\" style=\"display:block;\">Un acc\u00e8s \u00e0 des ressources p\u00e9dagogiques vari\u00e9es<\/h2><\/div><div class=\"n2-ss-layer n2-ow n2-ss-layer--block n2-ss-has-self-align n-uc-6lVJ1pFsQwoZ\" data-pm=\"normal\" data-sstype=\"row\"><div class=\"n2-ss-layer-row n2-ss-layer-with-background n-uc-6lVJ1pFsQwoZ-inner\"><div class=\"n2-ss-layer-row-inner \"><div class=\"n2-ss-layer n2-ow n-uc-8vtLnCk3rQ5I\" data-pm=\"default\" data-sstype=\"col\"><div class=\"n2-ss-layer-col n2-ss-layer-with-background n2-ss-layer-content n-uc-8vtLnCk3rQ5I-inner\"><div class=\"n2-ss-layer n2-ow n-uc-MRRGFcxD2xXi\" data-pm=\"normal\" data-sstype=\"layer\"><div class=\" n2-ss-item-image-content n2-ss-item-content n2-ow-all\"><img loading=\"lazy\" decoding=\"async\" id=\"n2-ss-35item6\" alt=\"\" class=\"skip-lazy\" width=\"2560\" height=\"1707\" data-skip-lazy=\"1\" src=\"\/\/ethik-portage.fr\/wp-content\/uploads\/2024\/04\/workers-getting-back-office-scaled.jpg\" \/><\/div><\/div><\/div><\/div><div class=\"n2-ss-layer n2-ow n-uc-G0ZzSeDUwRSI\" data-pm=\"default\" data-sstype=\"col\"><div class=\"n2-ss-layer-col n2-ss-layer-with-background n2-ss-layer-content n-uc-G0ZzSeDUwRSI-inner\"><div class=\"n2-ss-layer n2-ow n-uc-DQhUYF4IeUit\" data-pm=\"normal\" data-sstype=\"layer\"><div class=\"n2-ss-item-content n2-ss-text n2-ow-all\"><div data-hide-desktoplandscape=\"1\" data-hide-desktopportrait=\"1\" data-hide-tabletlandscape=\"1\" data-hide-tabletportrait=\"1\"><p class=\"n2-font-f5d441f4ff9d7bddc57c8a861088459c-paragraph   \">En compl\u00e9ment des formations dispens\u00e9es, nous mettons \u00e0 la disposition de nos consultants une vari\u00e9t\u00e9 de ressources p\u00e9dagogiques de qualit\u00e9. De guides pratiques en webinaires, en passant par des articles de blog et des vid\u00e9os explicatives, notre objectif est de leur fournir les connaissances et les outils dont ils ont besoin pour r\u00e9ussir.<\/p>\n<\/div><div class=\"\" data-hide-desktoplandscape=\"1\" data-hide-desktopportrait=\"1\" data-hide-mobilelandscape=\"1\" data-hide-mobileportrait=\"1\"><p class=\"n2-font-f5d441f4ff9d7bddc57c8a861088459c-paragraph  \">En compl\u00e9ment des formations dispens\u00e9es, nous mettons \u00e0 la disposition de nos consultants une vari\u00e9t\u00e9 de ressources p\u00e9dagogiques de qualit\u00e9. De guides pratiques en webinaires, en passant par des articles de blog et des vid\u00e9os explicatives, notre objectif est de leur fournir les connaissances et les outils dont ils ont besoin pour r\u00e9ussir.<\/p>\n<\/div><div class=\"\" data-hide-mobilelandscape=\"1\" data-hide-mobileportrait=\"1\" data-hide-tabletlandscape=\"1\" data-hide-tabletportrait=\"1\"><p class=\"n2-font-f5d441f4ff9d7bddc57c8a861088459c-paragraph   \">En compl\u00e9ment des formations dispens\u00e9es, nous mettons \u00e0 la disposition de nos consultants une vari\u00e9t\u00e9 de ressources p\u00e9dagogiques de qualit\u00e9. De guides pratiques en webinaires, en passant par des articles de blog et des vid\u00e9os explicatives, notre objectif est de leur fournir les connaissances et les outils dont ils ont besoin pour r\u00e9ussir.<\/p>\n<\/div><\/div><\/div><\/div><\/div><\/div><\/div><\/div><div class=\"n2-ss-layer n2-ow n-uc-StmG2BDyjuBi\" data-pm=\"normal\" data-sstype=\"layer\"><h2 id=\"n2-ss-35item8\" class=\"n2-font-bcf5d892663ee0b2b3cafe0dfbbd624b-hover   n2-ss-item-content n2-ss-text n2-ow\" style=\"display:block;\">Un accompagnement individuel et personnalis\u00e9<\/h2><\/div><div class=\"n2-ss-layer n2-ow n2-ss-layer--block n2-ss-has-self-align n-uc-jIFbkil9FZb2\" data-pm=\"normal\" data-sstype=\"row\"><div class=\"n2-ss-layer-row n2-ss-layer-with-background n-uc-jIFbkil9FZb2-inner\"><div class=\"n2-ss-layer-row-inner \"><div class=\"n2-ss-layer n2-ow n-uc-1EErqmv4fQUk\" data-pm=\"default\" data-sstype=\"col\"><div class=\"n2-ss-layer-col n2-ss-layer-with-background n2-ss-layer-content n-uc-1EErqmv4fQUk-inner\"><div class=\"n2-ss-layer n2-ow n-uc-vuOf9ekH0OZh\" data-pm=\"normal\" data-sstype=\"layer\"><div class=\"n2-ss-item-content n2-ss-text n2-ow-all\"><div data-hide-desktoplandscape=\"1\" data-hide-desktopportrait=\"1\" data-hide-tabletlandscape=\"1\" data-hide-tabletportrait=\"1\"><p class=\"n2-font-bb776904c4b945474dd24e7c6d77b90d-paragraph   \">Chez Ethik Portage, chaque consultant b\u00e9n\u00e9ficie d&#8217;un accompagnement individuel et personnalis\u00e9. Nos mentors exp\u00e9riment\u00e9s et nos coachs sp\u00e9cialis\u00e9s sont l\u00e0 pour les guider, les conseiller et les soutenir dans leur d\u00e9veloppement professionnel. Ensemble, nous travaillons \u00e0 d\u00e9finir des objectifs clairs et \u00e0 mettre en place des strat\u00e9gies pour les atteindre.<\/p>\n<\/div><div class=\"\" data-hide-desktoplandscape=\"1\" data-hide-desktopportrait=\"1\" data-hide-mobilelandscape=\"1\" data-hide-mobileportrait=\"1\"><p class=\"n2-font-bb776904c4b945474dd24e7c6d77b90d-paragraph  \">Chez Ethik Portage, chaque consultant b\u00e9n\u00e9ficie d&#8217;un accompagnement individuel et personnalis\u00e9. Nos mentors exp\u00e9riment\u00e9s et nos coachs sp\u00e9cialis\u00e9s sont l\u00e0 pour les guider, les conseiller et les soutenir dans leur d\u00e9veloppement professionnel. Ensemble, nous travaillons \u00e0 d\u00e9finir des objectifs clairs et \u00e0 mettre en place des strat\u00e9gies pour les atteindre.<\/p>\n<\/div><div class=\"\" data-hide-mobilelandscape=\"1\" data-hide-mobileportrait=\"1\" data-hide-tabletlandscape=\"1\" data-hide-tabletportrait=\"1\"><p class=\"n2-font-bb776904c4b945474dd24e7c6d77b90d-paragraph   \">Chez Ethik Portage, chaque consultant b\u00e9n\u00e9ficie d&#8217;un accompagnement individuel et personnalis\u00e9. Nos mentors exp\u00e9riment\u00e9s et nos coachs sp\u00e9cialis\u00e9s sont l\u00e0 pour les guider, les conseiller et les soutenir dans leur d\u00e9veloppement professionnel. Ensemble, nous travaillons \u00e0 d\u00e9finir des objectifs clairs et \u00e0 mettre en place des strat\u00e9gies pour les atteindre.<\/p>\n<\/div><\/div><\/div><\/div><\/div><div class=\"n2-ss-layer n2-ow n-uc-GQKIldfIS9SO\" data-pm=\"default\" data-sstype=\"col\"><div class=\"n2-ss-layer-col n2-ss-layer-with-background n2-ss-layer-content n-uc-GQKIldfIS9SO-inner\"><div class=\"n2-ss-layer n2-ow n-uc-skCBbULPy5Mg\" data-pm=\"normal\" data-sstype=\"layer\"><div class=\" n2-ss-item-image-content n2-ss-item-content n2-ow-all\"><img loading=\"lazy\" decoding=\"async\" id=\"n2-ss-35item10\" alt=\"\" class=\"skip-lazy\" width=\"2560\" height=\"1706\" data-skip-lazy=\"1\" src=\"\/\/ethik-portage.fr\/wp-content\/uploads\/2024\/04\/successful-senior-woman-recruiter-white-shirt-sitting-her-workplace-interviewing-unrecognizable-man-job-candidate-two-colleague-male-female-discussing-business-modern-office-scaled.jpg\" \/><\/div><\/div><\/div><\/div><\/div><\/div><\/div><div class=\"n2-ss-layer n2-ow n-uc-BXqp49Q8CitV\" data-pm=\"normal\" data-sstype=\"layer\"><h2 id=\"n2-ss-35item11\" class=\"n2-font-bcf5d892663ee0b2b3cafe0dfbbd624b-hover   n2-ss-item-content n2-ss-text n2-ow\" style=\"display:block;\">Une communaut\u00e9 engag\u00e9e<\/h2><\/div><div class=\"n2-ss-layer n2-ow n2-ss-layer--block n2-ss-has-self-align n-uc-1bc690724d93b\" data-pm=\"normal\" data-sstype=\"row\"><div class=\"n2-ss-layer-row n2-ss-layer-with-background n-uc-1bc690724d93b-inner\"><div class=\"n2-ss-layer-row-inner \"><div class=\"n2-ss-layer n2-ow n-uc-13b0440ba3dce\" data-pm=\"default\" data-sstype=\"col\"><div class=\"n2-ss-layer-col n2-ss-layer-with-background n2-ss-layer-content n-uc-13b0440ba3dce-inner\"><div class=\"n2-ss-layer n2-ow n-uc-fo8mbdE3rFby\" data-pm=\"normal\" data-sstype=\"layer\"><div class=\" n2-ss-item-image-content n2-ss-item-content n2-ow-all\"><img loading=\"lazy\" decoding=\"async\" id=\"n2-ss-35item12\" alt=\"\" class=\"skip-lazy\" width=\"2560\" height=\"1709\" data-skip-lazy=\"1\" src=\"\/\/ethik-portage.fr\/wp-content\/uploads\/2024\/04\/cheerful-students-working-new-project-scaled.jpg\" \/><\/div><\/div><\/div><\/div><div class=\"n2-ss-layer n2-ow n-uc-11501cd3ba9c5\" data-pm=\"default\" data-sstype=\"col\"><div class=\"n2-ss-layer-col n2-ss-layer-with-background n2-ss-layer-content n-uc-11501cd3ba9c5-inner\"><div class=\"n2-ss-layer n2-ow n-uc-e9DbkMcoEVQI\" data-pm=\"normal\" data-sstype=\"layer\"><div class=\"n2-ss-item-content n2-ss-text n2-ow-all\"><div data-hide-desktoplandscape=\"1\" data-hide-desktopportrait=\"1\" data-hide-tabletlandscape=\"1\" data-hide-tabletportrait=\"1\"><p class=\"n2-font-f5d441f4ff9d7bddc57c8a861088459c-paragraph   \">Nous encourageons nos consultants \u00e0 rejoindre notre communaut\u00e9 dynamique et engag\u00e9e. \u00c0 travers des \u00e9v\u00e9nements de networking, des groupes de discussion et des plateformes en ligne, ils ont l&#8217;opportunit\u00e9 d&#8217;\u00e9changer des bonnes pratiques, de partager leurs exp\u00e9riences et de trouver l&#8217;inspiration aupr\u00e8s de leurs pairs.<\/p>\n<\/div><div class=\"\" data-hide-desktoplandscape=\"1\" data-hide-desktopportrait=\"1\" data-hide-mobilelandscape=\"1\" data-hide-mobileportrait=\"1\"><p class=\"n2-font-f5d441f4ff9d7bddc57c8a861088459c-paragraph  \">Nous encourageons nos consultants \u00e0 rejoindre notre communaut\u00e9 dynamique et engag\u00e9e. \u00c0 travers des \u00e9v\u00e9nements de networking, des groupes de discussion et des plateformes en ligne, ils ont l&#8217;opportunit\u00e9 d&#8217;\u00e9changer des bonnes pratiques, de partager leurs exp\u00e9riences et de trouver l&#8217;inspiration aupr\u00e8s de leurs pairs.<\/p>\n<\/div><div class=\"\" data-hide-mobilelandscape=\"1\" data-hide-mobileportrait=\"1\" data-hide-tabletlandscape=\"1\" data-hide-tabletportrait=\"1\"><p class=\"n2-font-f5d441f4ff9d7bddc57c8a861088459c-paragraph   \">Nous encourageons nos consultants \u00e0 rejoindre notre communaut\u00e9 dynamique et engag\u00e9e. \u00c0 travers des \u00e9v\u00e9nements de networking, des groupes de discussion et des plateformes en ligne, ils ont l&#8217;opportunit\u00e9 d&#8217;\u00e9changer des bonnes pratiques, de partager leurs exp\u00e9riences et de trouver l&#8217;inspiration aupr\u00e8s de leurs pairs.<\/p>\n<\/div><\/div><\/div><\/div><\/div><\/div><\/div><\/div><div class=\"n2-ss-layer n2-ow n-uc-16a75dc4062a1\" data-pm=\"normal\" data-sstype=\"layer\"><h2 id=\"n2-ss-35item14\" class=\"n2-font-bcf5d892663ee0b2b3cafe0dfbbd624b-hover   n2-ss-item-content n2-ss-text n2-ow\" style=\"display:block;\">Un suivi r\u00e9gulier de la progression<\/h2><\/div><div class=\"n2-ss-layer n2-ow n2-ss-layer--block n2-ss-has-self-align n-uc-18618318c90c9\" data-pm=\"normal\" data-sstype=\"row\"><div class=\"n2-ss-layer-row n2-ss-layer-with-background n-uc-18618318c90c9-inner\"><div class=\"n2-ss-layer-row-inner \"><div class=\"n2-ss-layer n2-ow n-uc-16b7e76b6d60e\" data-pm=\"default\" data-sstype=\"col\"><div class=\"n2-ss-layer-col n2-ss-layer-with-background n2-ss-layer-content n-uc-16b7e76b6d60e-inner\"><div class=\"n2-ss-layer n2-ow n-uc-wUSvdQWU327E\" data-pm=\"normal\" data-sstype=\"layer\"><div class=\"n2-ss-item-content n2-ss-text n2-ow-all\"><div data-hide-desktoplandscape=\"1\" data-hide-desktopportrait=\"1\" data-hide-tabletlandscape=\"1\" data-hide-tabletportrait=\"1\"><p class=\"n2-font-f5d441f4ff9d7bddc57c8a861088459c-paragraph   \">Enfin, nous assurons un suivi r\u00e9gulier de la progression de nos consultants. Des entretiens individuels et des sessions de feedback sont organis\u00e9s pour \u00e9valuer leurs performances, identifier leurs besoins en formation et ajuster notre accompagnement en cons\u00e9quence. Notre objectif est de les voir grandir et r\u00e9ussir dans leur activit\u00e9 en portage salarial.<\/p>\n<\/div><div class=\"\" data-hide-desktoplandscape=\"1\" data-hide-desktopportrait=\"1\" data-hide-mobilelandscape=\"1\" data-hide-mobileportrait=\"1\"><p class=\"n2-font-f5d441f4ff9d7bddc57c8a861088459c-paragraph  \">Enfin, nous assurons un suivi r\u00e9gulier de la progression de nos consultants. Des entretiens individuels et des sessions de feedback sont organis\u00e9s pour \u00e9valuer leurs performances, identifier leurs besoins en formation et ajuster notre accompagnement en cons\u00e9quence. Notre objectif est de les voir grandir et r\u00e9ussir dans leur activit\u00e9 en portage salarial.<\/p>\n<\/div><div class=\"\" data-hide-mobilelandscape=\"1\" data-hide-mobileportrait=\"1\" data-hide-tabletlandscape=\"1\" data-hide-tabletportrait=\"1\"><p class=\"n2-font-f5d441f4ff9d7bddc57c8a861088459c-paragraph   \">Enfin, nous assurons un suivi r\u00e9gulier de la progression de nos consultants. Des entretiens individuels et des sessions de feedback sont organis\u00e9s pour \u00e9valuer leurs performances, identifier leurs besoins en formation et ajuster notre accompagnement en cons\u00e9quence. Notre objectif est de les voir grandir et r\u00e9ussir dans leur activit\u00e9 en portage salarial.<\/p>\n<\/div><\/div><\/div><\/div><\/div><div class=\"n2-ss-layer n2-ow n-uc-12b2e03d86761\" data-pm=\"default\" data-sstype=\"col\"><div class=\"n2-ss-layer-col n2-ss-layer-with-background n2-ss-layer-content n-uc-12b2e03d86761-inner\"><div class=\"n2-ss-layer n2-ow n-uc-cuOaV3UzUwA2\" data-pm=\"normal\" data-sstype=\"layer\"><div class=\" n2-ss-item-image-content n2-ss-item-content n2-ow-all\"><img loading=\"lazy\" decoding=\"async\" id=\"n2-ss-35item16\" alt=\"\" class=\"skip-lazy\" width=\"2560\" height=\"1707\" data-skip-lazy=\"1\" src=\"\/\/ethik-portage.fr\/wp-content\/uploads\/2024\/04\/team-sitting-desk-checking-reports-talking-business-concept-collaboration-team-work-meeting-scaled.jpg\" \/><\/div><\/div><\/div><\/div><\/div><\/div><\/div><div class=\"n2-ss-layer n2-ow n-uc-188900f3e19b4\" data-pm=\"normal\" data-sstype=\"layer\"><div class=\"n2-ss-item-content n2-ss-text n2-ow-all\"><div data-hide-desktoplandscape=\"1\" data-hide-desktopportrait=\"1\" data-hide-tabletlandscape=\"1\" data-hide-tabletportrait=\"1\"><p class=\"n2-font-f5d441f4ff9d7bddc57c8a861088459c-paragraph   \">Chez Ethik Portage, nous sommes convaincus que c&#8217;est en investissant dans le d\u00e9veloppement professionnel de nos consultants que nous contribuons \u00e0 leur succ\u00e8s et \u00e0 la p\u00e9rennit\u00e9 de leur activit\u00e9. Pour en savoir plus sur nos programmes de formation et d&#8217;accompagnement, contactez-nous d\u00e8s aujourd&#8217;hui ou visitez notre site web.<\/p>\n<\/div><div class=\"\" data-hide-desktoplandscape=\"1\" data-hide-desktopportrait=\"1\" data-hide-mobilelandscape=\"1\" data-hide-mobileportrait=\"1\"><p class=\"n2-font-f5d441f4ff9d7bddc57c8a861088459c-paragraph  \">Chez Ethik Portage, nous sommes convaincus que c&#8217;est en investissant dans le d\u00e9veloppement professionnel de nos consultants que nous contribuons \u00e0 leur succ\u00e8s et \u00e0 la p\u00e9rennit\u00e9 de leur activit\u00e9. Pour en savoir plus sur nos programmes de formation et d&#8217;accompagnement, contactez-nous d\u00e8s aujourd&#8217;hui ou visitez notre site web.<\/p>\n<\/div><div class=\"\" data-hide-mobilelandscape=\"1\" data-hide-mobileportrait=\"1\" data-hide-tabletlandscape=\"1\" data-hide-tabletportrait=\"1\"><p class=\"n2-font-f5d441f4ff9d7bddc57c8a861088459c-paragraph   \">Chez Ethik Portage, nous sommes convaincus que c&#8217;est en investissant dans le d\u00e9veloppement professionnel de nos consultants que nous contribuons \u00e0 leur succ\u00e8s et \u00e0 la p\u00e9rennit\u00e9 de leur activit\u00e9. Pour en savoir plus sur nos programmes de formation et d&#8217;accompagnement, contactez-nous d\u00e8s aujourd&#8217;hui ou visitez notre site web.<\/p>\n<\/div><\/div><\/div><\/div><\/div><\/div><\/div><\/div>                    <\/div>\n\n                                    <\/div>\n            <\/div>\n        <\/div>\n        <\/div><ss3-loader><\/ss3-loader><\/div><\/div><div class=\"n2_clear\"><\/div><\/div><\/div>\n<\/div>\n","protected":false},"excerpt":{"rendered":"","protected":false},"author":1,"featured_media":0,"parent":0,"menu_order":0,"comment_status":"closed","ping_status":"closed","template":"","meta":{"footnotes":""},"class_list":["post-1335","page","type-page","status-publish","hentry"],"_links":{"self":[{"href":"https:\/\/ethik-portage.fr\/index.php\/wp-json\/wp\/v2\/pages\/1335","targetHints":{"allow":["GET"]}}],"collection":[{"href":"https:\/\/ethik-portage.fr\/index.php\/wp-json\/wp\/v2\/pages"}],"about":[{"href":"https:\/\/ethik-portage.fr\/index.php\/wp-json\/wp\/v2\/types\/page"}],"author":[{"embeddable":true,"href":"https:\/\/ethik-portage.fr\/index.php\/wp-json\/wp\/v2\/users\/1"}],"replies":[{"embeddable":true,"href":"https:\/\/ethik-portage.fr\/index.php\/wp-json\/wp\/v2\/comments?post=1335"}],"version-history":[{"count":3,"href":"https:\/\/ethik-portage.fr\/index.php\/wp-json\/wp\/v2\/pages\/1335\/revisions"}],"predecessor-version":[{"id":1340,"href":"https:\/\/ethik-portage.fr\/index.php\/wp-json\/wp\/v2\/pages\/1335\/revisions\/1340"}],"wp:attachment":[{"href":"https:\/\/ethik-portage.fr\/index.php\/wp-json\/wp\/v2\/media?parent=1335"}],"curies":[{"name":"wp","href":"https:\/\/api.w.org\/{rel}","templated":true}]}}