{"id":1299,"date":"2023-12-12T16:50:49","date_gmt":"2023-12-12T16:50:49","guid":{"rendered":"http:\/\/ethik-portage.fr\/?page_id=1299"},"modified":"2023-12-12T16:50:49","modified_gmt":"2023-12-12T16:50:49","slug":"lepargne-salariale-en-portage-salarial-sous-forme-de-pee-et-perco-un-atout-pour-votre-avenir","status":"publish","type":"page","link":"https:\/\/ethik-portage.fr\/index.php\/lepargne-salariale-en-portage-salarial-sous-forme-de-pee-et-perco-un-atout-pour-votre-avenir\/","title":{"rendered":"L&#8217;\u00e9pargne salariale en portage salarial sous forme de PEE et PERCO : un atout pour votre avenir"},"content":{"rendered":"<div class=\"n2_clear\"><ss3-force-full-width data-overflow-x=\"body\" data-horizontal-selector=\"body\"><div class=\"n2-section-smartslider fitvidsignore  n2_clear\" data-ssid=\"29\"><div id=\"n2-ss-29-align\" class=\"n2-ss-align\"><div class=\"n2-padding\"><div id=\"n2-ss-29\" data-creator=\"Smart Slider 3\" data-responsive=\"fullwidth\" class=\"n2-ss-slider n2-ow n2-has-hover n2notransition  \">\n        <div class=\"n2-ss-slider-1 n2-ow\">\n            <div class=\"n2-ss-slider-2 n2-ow\">\n                <div class=\"n2-ss-slide-backgrounds n2-ow-all\"><div class=\"n2-ss-slide-background\" data-public-id=\"1\" data-mode=\"fill\"><div data-color=\"RGBA(255,255,255,0)\" style=\"background-color: RGBA(255,255,255,0);\" class=\"n2-ss-slide-background-color\"><\/div><\/div><\/div>                <div class=\"n2-ss-slider-3 n2-ow\">\n                    <svg xmlns=\"http:\/\/www.w3.org\/2000\/svg\" viewBox=\"0 0 1200 600\" data-related-device=\"desktopPortrait\" class=\"n2-ow n2-ss-preserve-size n2-ss-preserve-size--slider n2-ss-slide-limiter\"><\/svg><div data-first=\"1\" data-slide-duration=\"0\" data-id=\"52\" data-slide-public-id=\"1\" data-title=\"Slide\" class=\"n2-ss-slide n2-ow  n2-ss-slide-52\"><div role=\"note\" class=\"n2-ss-slide--focus\" tabindex=\"-1\">Slide<\/div><div class=\"n2-ss-layers-container n2-ss-slide-limiter n2-ow\"><div class=\"n2-ss-layer n2-ow n-uc-14bNsJXZIJ4u\" data-sstype=\"slide\" data-pm=\"default\"><div class=\"n2-ss-layer n2-ow n-uc-S3z1Q5oTBllJ\" data-pm=\"default\" data-sstype=\"content\" data-hasbackground=\"0\"><div class=\"n2-ss-section-main-content n2-ss-layer-with-background n2-ss-layer-content n2-ow n-uc-S3z1Q5oTBllJ-inner\"><div class=\"n2-ss-layer n2-ow n-uc-CJzXxwOp87J2\" data-pm=\"normal\" data-sstype=\"layer\"><div class=\"n2-ss-item-content n2-ss-text n2-ow-all\"><div data-hide-desktoplandscape=\"1\" data-hide-desktopportrait=\"1\" data-hide-tabletlandscape=\"1\" data-hide-tabletportrait=\"1\"><p class=\"n2-font-707bfdf506e73055d99c80e5e7505cf2-paragraph   \">\nLes consultants ind\u00e9pendants en portage salarial peuvent b\u00e9n\u00e9ficier d&#8217;avantages significatifs en mati\u00e8re d&#8217;all\u00e8gements de charges sociales en utilisant les plans d&#8217;\u00e9pargne salariale tels que le PEE et le PERCO. Les \u00e9l\u00e9ments essentiels pour comprendre ces dispositifs d&#8217;\u00e9pargne salariale en portage salarial sont pr\u00e9sent\u00e9s ci-dessous.<\/p>\n<\/div><div class=\"\" data-hide-desktoplandscape=\"1\" data-hide-desktopportrait=\"1\" data-hide-mobilelandscape=\"1\" data-hide-mobileportrait=\"1\"><p class=\"n2-font-707bfdf506e73055d99c80e5e7505cf2-paragraph  \">\nLes consultants ind\u00e9pendants en portage salarial peuvent b\u00e9n\u00e9ficier d&#8217;avantages significatifs en mati\u00e8re d&#8217;all\u00e8gements de charges sociales en utilisant les plans d&#8217;\u00e9pargne salariale tels que le PEE et le PERCO. Les \u00e9l\u00e9ments essentiels pour comprendre ces dispositifs d&#8217;\u00e9pargne salariale en portage salarial sont pr\u00e9sent\u00e9s ci-dessous.<\/p>\n<\/div><div class=\"\" data-hide-mobilelandscape=\"1\" data-hide-mobileportrait=\"1\" data-hide-tabletlandscape=\"1\" data-hide-tabletportrait=\"1\"><p class=\"n2-font-707bfdf506e73055d99c80e5e7505cf2-paragraph   \">\nLes consultants ind\u00e9pendants en portage salarial peuvent b\u00e9n\u00e9ficier d&#8217;avantages significatifs en mati\u00e8re d&#8217;all\u00e8gements de charges sociales en utilisant les plans d&#8217;\u00e9pargne salariale tels que le PEE et le PERCO. Les \u00e9l\u00e9ments essentiels pour comprendre ces dispositifs d&#8217;\u00e9pargne salariale en portage salarial sont pr\u00e9sent\u00e9s ci-dessous.<\/p>\n<\/div><\/div><\/div><div class=\"n2-ss-layer n2-ow n-uc-RWJllH20iwtf\" data-pm=\"normal\" data-sstype=\"layer\"><div class=\" n2-ss-item-image-content n2-ss-item-content n2-ow-all\"><img loading=\"lazy\" decoding=\"async\" id=\"n2-ss-29item2\" alt=\"\" class=\"skip-lazy\" width=\"2560\" height=\"1440\" data-skip-lazy=\"1\" src=\"\/\/ethik-portage.fr\/wp-content\/uploads\/2023\/12\/top-view-people-discussing-finances-manners-scaled.jpg\" \/><\/div><\/div><div class=\"n2-ss-layer n2-ow n-uc-ibtjQBHcEPw4\" data-pm=\"normal\" data-sstype=\"layer\"><div id=\"n2-ss-29item3\" class=\"n2-font-e676b50d7f053a4a75a0407d9456e3ff-hover   n2-ss-item-content n2-ss-text n2-ow\" style=\"display:block;\">En effet, les consultants en portage salarial ont la possibilit\u00e9 de b\u00e9n\u00e9ficier de l&#8217;\u00e9pargne salariale.<\/div><\/div><div class=\"n2-ss-layer n2-ow n-uc-72vZqL3e1wh6\" data-pm=\"normal\" data-sstype=\"layer\"><div class=\"n2-ss-item-content n2-ss-text n2-ow-all\"><div data-hide-desktoplandscape=\"1\" data-hide-desktopportrait=\"1\" data-hide-tabletlandscape=\"1\" data-hide-tabletportrait=\"1\"><p class=\"n2-font-707bfdf506e73055d99c80e5e7505cf2-paragraph   \">  <b>Diff\u00e9rence entre \u00e9pargne salariale et \u00e9pargne individuelle<\/b><br \/>\n<br \/>\nL&#8217;\u00e9pargne individuelle est constitu\u00e9e avec des sommes vers\u00e9es apr\u00e8s d\u00e9duction des cotisations sociales. L&#8217;\u00e9pargne salariale, quant \u00e0 elle, est constitu\u00e9e avec des sommes vers\u00e9es avant d\u00e9duction des cotisations sociales.<br \/>\n<br \/>\nL&#8217;\u00e9pargne salariale est un dispositif d&#8217;\u00e9pargne propos\u00e9 par l&#8217;entreprise aux salari\u00e9s.<br \/>\nAvec un PEE ou un PERCO, une partie des sommes vers\u00e9es ne sont pas soumises aux cotisations sociales. Seules la CSG et la CRDS sont pr\u00e9lev\u00e9es.<br \/>\n<br \/> <br \/>\nLes salari\u00e9s port\u00e9s sont libres de participer ou non \u00e0 l&#8217;\u00e9pargne salariale propos\u00e9e par leur soci\u00e9t\u00e9 de portage salarial.<\/p>\n<\/div><div class=\"\" data-hide-desktoplandscape=\"1\" data-hide-desktopportrait=\"1\" data-hide-mobilelandscape=\"1\" data-hide-mobileportrait=\"1\"><p class=\"n2-font-707bfdf506e73055d99c80e5e7505cf2-paragraph  \">  <b>Diff\u00e9rence entre \u00e9pargne salariale et \u00e9pargne individuelle<\/b><br \/>\n<br \/>\nL&#8217;\u00e9pargne individuelle est constitu\u00e9e avec des sommes vers\u00e9es apr\u00e8s d\u00e9duction des cotisations sociales. L&#8217;\u00e9pargne salariale, quant \u00e0 elle, est constitu\u00e9e avec des sommes vers\u00e9es avant d\u00e9duction des cotisations sociales.<br \/>\n<br \/>\nL&#8217;\u00e9pargne salariale est un dispositif d&#8217;\u00e9pargne propos\u00e9 par l&#8217;entreprise aux salari\u00e9s.<br \/>\nAvec un PEE ou un PERCO, une partie des sommes vers\u00e9es ne sont pas soumises aux cotisations sociales. Seules la CSG et la CRDS sont pr\u00e9lev\u00e9es.<br \/>\n<br \/> <br \/>\nLes salari\u00e9s port\u00e9s sont libres de participer ou non \u00e0 l&#8217;\u00e9pargne salariale propos\u00e9e par leur soci\u00e9t\u00e9 de portage salarial.<\/p>\n<\/div><div class=\"\" data-hide-mobilelandscape=\"1\" data-hide-mobileportrait=\"1\" data-hide-tabletlandscape=\"1\" data-hide-tabletportrait=\"1\"><p class=\"n2-font-707bfdf506e73055d99c80e5e7505cf2-paragraph   \"> <b>Diff\u00e9rence entre \u00e9pargne salariale et \u00e9pargne individuelle<\/b><br \/>\n<br \/>\nL&#8217;\u00e9pargne individuelle est constitu\u00e9e avec des sommes vers\u00e9es apr\u00e8s d\u00e9duction des cotisations sociales. L&#8217;\u00e9pargne salariale, quant \u00e0 elle, est constitu\u00e9e avec des sommes vers\u00e9es avant d\u00e9duction des cotisations sociales.<br \/>\n<br \/>\nL&#8217;\u00e9pargne salariale est un dispositif d&#8217;\u00e9pargne propos\u00e9 par l&#8217;entreprise aux salari\u00e9s.<br \/>\nAvec un PEE ou un PERCO, une partie des sommes vers\u00e9es ne sont pas soumises aux cotisations sociales. Seules la CSG et la CRDS sont pr\u00e9lev\u00e9es.<br \/>\n<br \/> <br \/>\nLes salari\u00e9s port\u00e9s sont libres de participer ou non \u00e0 l&#8217;\u00e9pargne salariale propos\u00e9e par leur soci\u00e9t\u00e9 de portage salarial.<\/p>\n<\/div><\/div><\/div><div class=\"n2-ss-layer n2-ow n-uc-uNi130pBK6a9\" data-pm=\"normal\" data-sstype=\"layer\"><div class=\" n2-ss-item-image-content n2-ss-item-content n2-ow-all\"><img loading=\"lazy\" decoding=\"async\" id=\"n2-ss-29item5\" alt=\"\" class=\"skip-lazy\" width=\"2560\" height=\"1440\" data-skip-lazy=\"1\" src=\"\/\/ethik-portage.fr\/wp-content\/uploads\/2023\/12\/high-angle-coins-banknotes-arrangement-scaled.jpg\" \/><\/div><\/div><div class=\"n2-ss-layer n2-ow n-uc-GlDnuWUrn9bj\" data-pm=\"normal\" data-sstype=\"layer\"><div id=\"n2-ss-29item6\" class=\"n2-font-8faf084075a575ef5558f90251263cd8-hover   n2-ss-item-content n2-ss-text n2-ow\" style=\"display:block;\">Illustration avec un chiffre d&#8217;affaires de 1500 euros.<\/div><\/div><div class=\"n2-ss-layer n2-ow n-uc-HFBSkAXXx9lo\" data-pm=\"normal\" data-sstype=\"layer\"><div class=\"n2-ss-item-content n2-ss-text n2-ow-all\"><div data-hide-desktoplandscape=\"1\" data-hide-desktopportrait=\"1\" data-hide-tabletlandscape=\"1\" data-hide-tabletportrait=\"1\"><p class=\"n2-font-707bfdf506e73055d99c80e5e7505cf2-paragraph   \">   Ethik Portage offre deux solutions d&#8217;\u00e9pargne d&#8217;entreprise \u00e0 ses consultants en portage salarial. Le Plan d&#8217;\u00e9pargne entreprises (PEE) permet de constituer un capital disponible \u00e0 5 ans, tandis que le Plan d&#8217;\u00e9pargne retraite d&#8217;entreprise collectif entreprises (PERCO) offre un compl\u00e9ment de revenus \u00e0 la retraite.<br \/>\n<br \/>\nAvec un chiffre d&#8217;affaires de 1 500 euros hors taxe sur votre compte d&#8217;activit\u00e9, vous avez le choix entre deux options pour transformer ces revenus. La premi\u00e8re option consiste \u00e0 vous verser un salaire net de 680 euros de mani\u00e8re traditionnelle. En revanche, avec l&#8217;\u00e9pargne salariale, vous avez la possibilit\u00e9 de constituer une \u00e9pargne nette de 1 128 euros.<br \/>\n<br \/>\nLa distinction entre ces deux options repose sur les all\u00e8gements de cotisations sociales et les avantages fiscaux associ\u00e9s aux solutions d&#8217;\u00e9pargne salariale.<br \/>\n<br \/>\nEthik Portage : \u00e9pargnez jusqu&#8217;\u00e0 448 euros par mois gr\u00e2ce \u00e0 l&#8217;\u00e9pargne salariale.<\/p>\n<\/div><div class=\"\" data-hide-desktoplandscape=\"1\" data-hide-desktopportrait=\"1\" data-hide-mobilelandscape=\"1\" data-hide-mobileportrait=\"1\"><p class=\"n2-font-707bfdf506e73055d99c80e5e7505cf2-paragraph  \">  Ethik Portage offre deux solutions d&#8217;\u00e9pargne d&#8217;entreprise \u00e0 ses consultants en portage salarial. Le Plan d&#8217;\u00e9pargne entreprises (PEE) permet de constituer un capital disponible \u00e0 5 ans, tandis que le Plan d&#8217;\u00e9pargne retraite d&#8217;entreprise collectif entreprises (PERCO) offre un compl\u00e9ment de revenus \u00e0 la retraite.<br \/>\n<br \/>\nAvec un chiffre d&#8217;affaires de 1 500 euros hors taxe sur votre compte d&#8217;activit\u00e9, vous avez le choix entre deux options pour transformer ces revenus. La premi\u00e8re option consiste \u00e0 vous verser un salaire net de 680 euros de mani\u00e8re traditionnelle. En revanche, avec l&#8217;\u00e9pargne salariale, vous avez la possibilit\u00e9 de constituer une \u00e9pargne nette de 1 128 euros.<br \/>\n<br \/>\nLa distinction entre ces deux options repose sur les all\u00e8gements de cotisations sociales et les avantages fiscaux associ\u00e9s aux solutions d&#8217;\u00e9pargne salariale.<br \/>\n<br \/>\nEthik Portage : \u00e9pargnez jusqu&#8217;\u00e0 448 euros par mois gr\u00e2ce \u00e0 l&#8217;\u00e9pargne salariale.<\/p>\n<\/div><div class=\"\" data-hide-mobilelandscape=\"1\" data-hide-mobileportrait=\"1\" data-hide-tabletlandscape=\"1\" data-hide-tabletportrait=\"1\"><p class=\"n2-font-707bfdf506e73055d99c80e5e7505cf2-paragraph   \">   Ethik Portage offre deux solutions d&#8217;\u00e9pargne d&#8217;entreprise \u00e0 ses consultants en portage salarial. Le Plan d&#8217;\u00e9pargne entreprises (PEE) permet de constituer un capital disponible \u00e0 5 ans, tandis que le Plan d&#8217;\u00e9pargne retraite d&#8217;entreprise collectif entreprises (PERCO) offre un compl\u00e9ment de revenus \u00e0 la retraite.<br \/>\n<br \/>\nAvec un chiffre d&#8217;affaires de 1 500 euros hors taxe sur votre compte d&#8217;activit\u00e9, vous avez le choix entre deux options pour transformer ces revenus. La premi\u00e8re option consiste \u00e0 vous verser un salaire net de 680 euros de mani\u00e8re traditionnelle. En revanche, avec l&#8217;\u00e9pargne salariale, vous avez la possibilit\u00e9 de constituer une \u00e9pargne nette de 1 128 euros.<br \/>\n<br \/>\nLa distinction entre ces deux options repose sur les all\u00e8gements de cotisations sociales et les avantages fiscaux associ\u00e9s aux solutions d&#8217;\u00e9pargne salariale.<br \/>\n<br \/>\nEthik Portage : \u00e9pargnez jusqu&#8217;\u00e0 448 euros par mois gr\u00e2ce \u00e0 l&#8217;\u00e9pargne salariale.<\/p>\n<\/div><\/div><\/div><div class=\"n2-ss-layer n2-ow n-uc-1d8fd3e45ca1c\" data-pm=\"normal\" data-sstype=\"layer\"><div class=\" n2-ss-item-image-content n2-ss-item-content n2-ow-all\"><img loading=\"lazy\" decoding=\"async\" id=\"n2-ss-29item8\" alt=\"\" class=\"skip-lazy\" width=\"606\" height=\"264\" data-skip-lazy=\"1\" src=\"\/\/ethik-portage.fr\/wp-content\/uploads\/2023\/12\/Screenshot-2023-12-12-17.33.05-Display-2.png\" \/><\/div><\/div><div class=\"n2-ss-layer n2-ow n-uc-wxlwmcsDwdl1\" data-pm=\"normal\" data-sstype=\"layer\"><div id=\"n2-ss-29item9\" class=\"n2-font-8faf084075a575ef5558f90251263cd8-hover   n2-ss-item-content n2-ss-text n2-ow\" style=\"display:block;\">Distinction entre versement et abondement<\/div><\/div><div class=\"n2-ss-layer n2-ow n-uc-t44i5Lrx6ZNE\" data-pm=\"normal\" data-sstype=\"layer\"><div class=\"n2-ss-item-content n2-ss-text n2-ow-all\"><div data-hide-desktoplandscape=\"1\" data-hide-desktopportrait=\"1\" data-hide-tabletlandscape=\"1\" data-hide-tabletportrait=\"1\"><p class=\"n2-font-707bfdf506e73055d99c80e5e7505cf2-paragraph   \"> En CDD, la r\u00e9serve financi\u00e8re est destin\u00e9e \u00e0 financer l&#8217;indemnit\u00e9 de pr\u00e9carit\u00e9.<\/p>\n<p class=\"n2-font-707bfdf506e73055d99c80e5e7505cf2-paragraph   \">Cette indemnit\u00e9 est \u00e9gale \u00e0 10 % du total des salaires per\u00e7us pendant la dur\u00e9e du contrat.<\/p>\n<p class=\"n2-font-707bfdf506e73055d99c80e5e7505cf2-paragraph   \">La r\u00e9serve financi\u00e8re est donc vers\u00e9e chaque mois, en m\u00eame temps que le salaire.<\/p>\n<\/div><div class=\"\" data-hide-desktoplandscape=\"1\" data-hide-desktopportrait=\"1\" data-hide-mobilelandscape=\"1\" data-hide-mobileportrait=\"1\"><p class=\"n2-font-707bfdf506e73055d99c80e5e7505cf2-paragraph  \"> En CDD, la r\u00e9serve financi\u00e8re est destin\u00e9e \u00e0 financer l&#8217;indemnit\u00e9 de pr\u00e9carit\u00e9.<\/p>\n<p class=\"n2-font-707bfdf506e73055d99c80e5e7505cf2-paragraph  \">Cette indemnit\u00e9 est \u00e9gale \u00e0 10 % du total des salaires per\u00e7us pendant la dur\u00e9e du contrat.<\/p>\n<p class=\"n2-font-707bfdf506e73055d99c80e5e7505cf2-paragraph  \">La r\u00e9serve financi\u00e8re est donc vers\u00e9e chaque mois, en m\u00eame temps que le salaire.<\/p>\n<\/div><div class=\"\" data-hide-mobilelandscape=\"1\" data-hide-mobileportrait=\"1\" data-hide-tabletlandscape=\"1\" data-hide-tabletportrait=\"1\"><p class=\"n2-font-707bfdf506e73055d99c80e5e7505cf2-paragraph   \">Le versement personnel est une somme d&#8217;argent que vous versez sur votre plan d&#8217;\u00e9pargne salariale (PEE ou PERCO). Il peut \u00eatre effectu\u00e9 \u00e0 tout moment, dans la limite des plafonds annuels fix\u00e9s par la loi.<br \/>\n<br \/>\nAbondement : Il s&#8217;agit d&#8217;une somme d&#8217;argent pr\u00e9lev\u00e9e sur votre compte d&#8217;activit\u00e9 en tant que consultant en portage salarial. Cette somme repr\u00e9sente un pourcentage du chiffre d&#8217;affaires hors taxe avant le pr\u00e9l\u00e8vement des cotisations.<\/p>\n<\/div><\/div><\/div><div class=\"n2-ss-layer n2-ow n-uc-RON0psBMdghK\" data-pm=\"normal\" data-sstype=\"layer\"><div id=\"n2-ss-29item11\" class=\"n2-font-8faf084075a575ef5558f90251263cd8-hover   n2-ss-item-content n2-ss-text n2-ow\" style=\"display:block;\">Montants maximums d&#8217;\u00e9pargne salariale<\/div><\/div><div class=\"n2-ss-layer n2-ow n-uc-5NM4ehW6yYCO\" data-pm=\"normal\" data-sstype=\"layer\"><div class=\"n2-ss-item-content n2-ss-text n2-ow-all\"><div data-hide-desktoplandscape=\"1\" data-hide-desktopportrait=\"1\" data-hide-tabletlandscape=\"1\" data-hide-tabletportrait=\"1\"><p class=\"n2-font-707bfdf506e73055d99c80e5e7505cf2-paragraph   \"> La r\u00e9serve financi\u00e8re est une bou\u00e9e de sauvetage pour les salari\u00e9s port\u00e9s. Elle est une garantie de s\u00e9curit\u00e9 financi\u00e8re en cas de rupture de contrat ou de baisse d&#8217;activit\u00e9. C&#8217;est un investissement indispensable pour les salari\u00e9s port\u00e9s qui souhaitent se prot\u00e9ger des al\u00e9as de leur profession.<\/p>\n<\/div><div class=\"\" data-hide-desktoplandscape=\"1\" data-hide-desktopportrait=\"1\" data-hide-mobilelandscape=\"1\" data-hide-mobileportrait=\"1\"><p class=\"n2-font-707bfdf506e73055d99c80e5e7505cf2-paragraph  \"> La r\u00e9serve financi\u00e8re est une bou\u00e9e de sauvetage pour les salari\u00e9s port\u00e9s. Elle est une garantie de s\u00e9curit\u00e9 financi\u00e8re en cas de rupture de contrat ou de baisse d&#8217;activit\u00e9. C&#8217;est un investissement indispensable pour les salari\u00e9s port\u00e9s qui souhaitent se prot\u00e9ger des al\u00e9as de leur profession.<\/p>\n<\/div><div class=\"\" data-hide-mobilelandscape=\"1\" data-hide-mobileportrait=\"1\" data-hide-tabletlandscape=\"1\" data-hide-tabletportrait=\"1\"><p class=\"n2-font-707bfdf506e73055d99c80e5e7505cf2-paragraph   \">Il est possible d&#8217;approvisionner r\u00e9guli\u00e8rement votre PEE et\/ou votre PERCO jusqu&#8217;\u00e0 un montant maximum l\u00e9gal d\u00e9fini par ann\u00e9e civile.<br \/>\n<br \/>\n<b>PEE<\/b><br \/>\n<br \/>\nMontant maximal de versement en 2023 : 1 173,12 euros.<br \/>\n<br \/>\nMontant maximal d&#8217;abondement en 2023 : 3 519,36 euros.<br \/>\n<br \/>\n<b>PERCO<\/b><br \/>\n<br \/>\nMontant maximal de versement en 2023 : 2 346,24 euros.<br \/>\n<br \/>\nMontant maximal d&#8217;abondement en 2023 : 7 038,72 euros.<br \/>\n<br \/>\n<b>Remarque :<\/b> La somme totale des versements volontaires ne peut pas exc\u00e9der 25 % de votre r\u00e9mun\u00e9ration annuelle brute.<\/p>\n<\/div><\/div><\/div><div class=\"n2-ss-layer n2-ow n-uc-12cd50f4cbafb\" data-pm=\"normal\" data-sstype=\"layer\"><div id=\"n2-ss-29item13\" class=\"n2-font-8faf084075a575ef5558f90251263cd8-hover   n2-ss-item-content n2-ss-text n2-ow\" style=\"display:block;\">Profiter de ses \u00e9conomies<\/div><\/div><div class=\"n2-ss-layer n2-ow n-uc-138db8c7bc19e\" data-pm=\"normal\" data-sstype=\"layer\"><div class=\"n2-ss-item-content n2-ss-text n2-ow-all\"><div data-hide-desktoplandscape=\"1\" data-hide-desktopportrait=\"1\" data-hide-tabletlandscape=\"1\" data-hide-tabletportrait=\"1\"><p class=\"n2-font-707bfdf506e73055d99c80e5e7505cf2-paragraph   \"> <b>PEE :<\/b> En principe, le montant du capital d&#8217;un Plan d&#8217;\u00c9pargne Entreprise (PEE) est disponible \u00e0 la fin d&#8217;une p\u00e9riode de 5 ans.<br \/>\n<br \/>\n<b>PERCO :<\/b> Les fonds issus d&#8217;un Plan d&#8217;\u00c9pargne Retraite Collectif (PERCO) sont g\u00e9n\u00e9ralement d\u00e9bloqu\u00e9s au moment du d\u00e9part \u00e0 la retraite, sous forme de capital ou de revenu mensuel.<br \/>\n<br \/>\n<b>Acc\u00e8s anticip\u00e9 au capital :<\/b> Il existe des situations exceptionnelles permettant le d\u00e9blocage anticip\u00e9 des fonds, autorisant ainsi l&#8217;acc\u00e8s aux sommes avant la date pr\u00e9vue de cl\u00f4ture du plan d&#8217;\u00e9pargne.<\/p>\n<\/div><div class=\"\" data-hide-desktoplandscape=\"1\" data-hide-desktopportrait=\"1\" data-hide-mobilelandscape=\"1\" data-hide-mobileportrait=\"1\"><p class=\"n2-font-707bfdf506e73055d99c80e5e7505cf2-paragraph  \"> <b>PEE :<\/b> En principe, le montant du capital d&#8217;un Plan d&#8217;\u00c9pargne Entreprise (PEE) est disponible \u00e0 la fin d&#8217;une p\u00e9riode de 5 ans.<br \/>\n<br \/>\n<b>PERCO :<\/b> Les fonds issus d&#8217;un Plan d&#8217;\u00c9pargne Retraite Collectif (PERCO) sont g\u00e9n\u00e9ralement d\u00e9bloqu\u00e9s au moment du d\u00e9part \u00e0 la retraite, sous forme de capital ou de revenu mensuel.<br \/>\n<br \/>\n<b>Acc\u00e8s anticip\u00e9 au capital :<\/b> Il existe des situations exceptionnelles permettant le d\u00e9blocage anticip\u00e9 des fonds, autorisant ainsi l&#8217;acc\u00e8s aux sommes avant la date pr\u00e9vue de cl\u00f4ture du plan d&#8217;\u00e9pargne.<\/p>\n<\/div><div class=\"\" data-hide-mobilelandscape=\"1\" data-hide-mobileportrait=\"1\" data-hide-tabletlandscape=\"1\" data-hide-tabletportrait=\"1\"><p class=\"n2-font-707bfdf506e73055d99c80e5e7505cf2-paragraph   \"><b>PEE :<\/b> En principe, le montant du capital d&#8217;un Plan d&#8217;\u00c9pargne Entreprise (PEE) est disponible \u00e0 la fin d&#8217;une p\u00e9riode de 5 ans.<br \/>\n<br \/>\n<b>PERCO :<\/b> Les fonds issus d&#8217;un Plan d&#8217;\u00c9pargne Retraite Collectif (PERCO) sont g\u00e9n\u00e9ralement d\u00e9bloqu\u00e9s au moment du d\u00e9part \u00e0 la retraite, sous forme de capital ou de revenu mensuel.<br \/>\n<br \/>\n<b>Acc\u00e8s anticip\u00e9 au capital :<\/b> Il existe des situations exceptionnelles permettant le d\u00e9blocage anticip\u00e9 des fonds, autorisant ainsi l&#8217;acc\u00e8s aux sommes avant la date pr\u00e9vue de cl\u00f4ture du plan d&#8217;\u00e9pargne.<br \/>\n<br \/>\nExemples de d\u00e9blocages anticip\u00e9s :<br \/>\n<br \/>\nAcquisition de la r\u00e9sidence principale, Situation de surendettement, D\u00e9c\u00e8s du conjoint, Licenciement \u00e9conomique, D\u00e9part en retraite anticip\u00e9&#8230;<\/p>\n<\/div><\/div><\/div><\/div><\/div><\/div><\/div><\/div>                <\/div>\n                            <\/div>\n        <\/div>\n        <\/div><ss3-loader><\/ss3-loader><\/div><\/div><div class=\"n2_clear\"><\/div><\/div><\/ss3-force-full-width><\/div>","protected":false},"excerpt":{"rendered":"","protected":false},"author":1,"featured_media":0,"parent":0,"menu_order":0,"comment_status":"closed","ping_status":"closed","template":"","meta":{"footnotes":""},"class_list":["post-1299","page","type-page","status-publish","hentry"],"_links":{"self":[{"href":"https:\/\/ethik-portage.fr\/index.php\/wp-json\/wp\/v2\/pages\/1299","targetHints":{"allow":["GET"]}}],"collection":[{"href":"https:\/\/ethik-portage.fr\/index.php\/wp-json\/wp\/v2\/pages"}],"about":[{"href":"https:\/\/ethik-portage.fr\/index.php\/wp-json\/wp\/v2\/types\/page"}],"author":[{"embeddable":true,"href":"https:\/\/ethik-portage.fr\/index.php\/wp-json\/wp\/v2\/users\/1"}],"replies":[{"embeddable":true,"href":"https:\/\/ethik-portage.fr\/index.php\/wp-json\/wp\/v2\/comments?post=1299"}],"version-history":[{"count":1,"href":"https:\/\/ethik-portage.fr\/index.php\/wp-json\/wp\/v2\/pages\/1299\/revisions"}],"predecessor-version":[{"id":1300,"href":"https:\/\/ethik-portage.fr\/index.php\/wp-json\/wp\/v2\/pages\/1299\/revisions\/1300"}],"wp:attachment":[{"href":"https:\/\/ethik-portage.fr\/index.php\/wp-json\/wp\/v2\/media?parent=1299"}],"curies":[{"name":"wp","href":"https:\/\/api.w.org\/{rel}","templated":true}]}}