{"id":1294,"date":"2023-12-12T14:51:15","date_gmt":"2023-12-12T14:51:15","guid":{"rendered":"http:\/\/ethik-portage.fr\/?page_id=1294"},"modified":"2023-12-12T14:51:15","modified_gmt":"2023-12-12T14:51:15","slug":"quelle-est-lutilite-de-la-reserve-financiere-dans-le-cadre-du-portage-salarial","status":"publish","type":"page","link":"https:\/\/ethik-portage.fr\/index.php\/quelle-est-lutilite-de-la-reserve-financiere-dans-le-cadre-du-portage-salarial\/","title":{"rendered":"Quelle est l&#8217;utilit\u00e9 de la r\u00e9serve financi\u00e8re dans le cadre du portage salarial ?"},"content":{"rendered":"\n\n\n\n\n\n\n\n\n\n\n\n\n\n<div class=\"n2_clear\"><ss3-force-full-width data-overflow-x=\"body\" data-horizontal-selector=\"body\"><div class=\"n2-section-smartslider fitvidsignore  n2_clear\" data-ssid=\"28\"><div id=\"n2-ss-28-align\" class=\"n2-ss-align\"><div class=\"n2-padding\"><div id=\"n2-ss-28\" data-creator=\"Smart Slider 3\" data-responsive=\"fullwidth\" class=\"n2-ss-slider n2-ow n2-has-hover n2notransition  \">\n        <div class=\"n2-ss-slider-1 n2-ow\">\n            <div class=\"n2-ss-slider-2 n2-ow\">\n                <div class=\"n2-ss-slide-backgrounds n2-ow-all\"><div class=\"n2-ss-slide-background\" data-public-id=\"1\" data-mode=\"fill\"><div data-color=\"RGBA(255,255,255,0)\" style=\"background-color: RGBA(255,255,255,0);\" class=\"n2-ss-slide-background-color\"><\/div><\/div><\/div>                <div class=\"n2-ss-slider-3 n2-ow\">\n                    <svg xmlns=\"http:\/\/www.w3.org\/2000\/svg\" viewBox=\"0 0 1200 600\" data-related-device=\"desktopPortrait\" class=\"n2-ow n2-ss-preserve-size n2-ss-preserve-size--slider n2-ss-slide-limiter\"><\/svg><div data-first=\"1\" data-slide-duration=\"0\" data-id=\"51\" data-slide-public-id=\"1\" data-title=\"Slide\" class=\"n2-ss-slide n2-ow  n2-ss-slide-51\"><div role=\"note\" class=\"n2-ss-slide--focus\" tabindex=\"-1\">Slide<\/div><div class=\"n2-ss-layers-container n2-ss-slide-limiter n2-ow\"><div class=\"n2-ss-layer n2-ow n-uc-YS0MjkMVQRei\" data-sstype=\"slide\" data-pm=\"default\"><div class=\"n2-ss-layer n2-ow n-uc-vBEH2s2oO3df\" data-pm=\"default\" data-sstype=\"content\" data-hasbackground=\"0\"><div class=\"n2-ss-section-main-content n2-ss-layer-with-background n2-ss-layer-content n2-ow n-uc-vBEH2s2oO3df-inner\"><div class=\"n2-ss-layer n2-ow n-uc-mHPLlelUd4Xz\" data-pm=\"normal\" data-sstype=\"layer\"><div class=\"n2-ss-item-content n2-ss-text n2-ow-all\"><div data-hide-desktoplandscape=\"1\" data-hide-desktopportrait=\"1\" data-hide-tabletlandscape=\"1\" data-hide-tabletportrait=\"1\"><p class=\"n2-font-707bfdf506e73055d99c80e5e7505cf2-paragraph   \"> La r\u00e9serve financi\u00e8re en portage salarial est une somme d\u00e9di\u00e9e chaque mois par le consultant ind\u00e9pendant, souvent un pourcentage de son chiffre d&#8217;affaires. Elle sert \u00e0 couvrir des d\u00e9penses telles que l&#8217;indemnit\u00e9 de rupture conventionnelle, les charges sociales et fiscales, ainsi que les p\u00e9riodes sans mission, assurant ainsi une gestion financi\u00e8re plus flexible et une stabilit\u00e9 \u00e9conomique. Les modalit\u00e9s varient selon les accords entre le consultant et la soci\u00e9t\u00e9 de portage salarial.<\/p>\n<\/div><div class=\"\" data-hide-desktoplandscape=\"1\" data-hide-desktopportrait=\"1\" data-hide-mobilelandscape=\"1\" data-hide-mobileportrait=\"1\"><p class=\"n2-font-707bfdf506e73055d99c80e5e7505cf2-paragraph  \"> La r\u00e9serve financi\u00e8re en portage salarial est une somme d\u00e9di\u00e9e chaque mois par le consultant ind\u00e9pendant, souvent un pourcentage de son chiffre d&#8217;affaires. Elle sert \u00e0 couvrir des d\u00e9penses telles que l&#8217;indemnit\u00e9 de rupture conventionnelle, les charges sociales et fiscales, ainsi que les p\u00e9riodes sans mission, assurant ainsi une gestion financi\u00e8re plus flexible et une stabilit\u00e9 \u00e9conomique. Les modalit\u00e9s varient selon les accords entre le consultant et la soci\u00e9t\u00e9 de portage salarial.<\/p>\n<\/div><div class=\"\" data-hide-mobilelandscape=\"1\" data-hide-mobileportrait=\"1\" data-hide-tabletlandscape=\"1\" data-hide-tabletportrait=\"1\"><p class=\"n2-font-707bfdf506e73055d99c80e5e7505cf2-paragraph   \"> La r\u00e9serve financi\u00e8re en portage salarial est une somme d\u00e9di\u00e9e chaque mois par le consultant ind\u00e9pendant, souvent un pourcentage de son chiffre d&#8217;affaires. Elle sert \u00e0 couvrir des d\u00e9penses telles que l&#8217;indemnit\u00e9 de rupture conventionnelle, les charges sociales et fiscales, ainsi que les p\u00e9riodes sans mission, assurant ainsi une gestion financi\u00e8re plus flexible et une stabilit\u00e9 \u00e9conomique. Les modalit\u00e9s varient selon les accords entre le consultant et la soci\u00e9t\u00e9 de portage salarial.<\/p>\n<\/div><\/div><\/div><div class=\"n2-ss-layer n2-ow n-uc-cPCxbdQ17uyq\" data-pm=\"normal\" data-sstype=\"layer\"><div class=\" n2-ss-item-image-content n2-ss-item-content n2-ow-all\"><img loading=\"lazy\" decoding=\"async\" id=\"n2-ss-28item2\" alt=\"\" class=\"skip-lazy\" width=\"2560\" height=\"2560\" data-skip-lazy=\"1\" src=\"\/\/ethik-portage.fr\/wp-content\/uploads\/2023\/12\/overhead-view-euro-banknotes-open-glass-jar-scaled.jpg\" \/><\/div><\/div><div class=\"n2-ss-layer n2-ow n-uc-vQxca90rFPgl\" data-pm=\"normal\" data-sstype=\"layer\"><div id=\"n2-ss-28item3\" class=\"n2-font-e676b50d7f053a4a75a0407d9456e3ff-hover   n2-ss-item-content n2-ss-text n2-ow\" style=\"display:block;\">La r\u00e9serve financi\u00e8re en portage salarial : une s\u00e9curit\u00e9 pour les fins de contrats<\/div><\/div><div class=\"n2-ss-layer n2-ow n-uc-8XolPsgkQl1z\" data-pm=\"normal\" data-sstype=\"layer\"><div class=\"n2-ss-item-content n2-ss-text n2-ow-all\"><div data-hide-desktoplandscape=\"1\" data-hide-desktopportrait=\"1\" data-hide-tabletlandscape=\"1\" data-hide-tabletportrait=\"1\"><p class=\"n2-font-707bfdf506e73055d99c80e5e7505cf2-paragraph   \">  <b>Une obligation l\u00e9gale<\/b><br \/>\n<br \/>\nLa r\u00e9serve financi\u00e8re est pr\u00e9vue par la convention collective de branche des salari\u00e9s en portage salarial du 22 mars 2017. Elle est \u00e9galement appel\u00e9e &#8220;provision sur compte d&#8217;activit\u00e9&#8221; dans l&#8217;article 21.4 de la convention.<br \/>\n<br \/>\n<b>Un montant fixe<\/b><br \/>\n<br \/>\nLe montant de la r\u00e9serve financi\u00e8re est fix\u00e9 \u00e0 10 % du salaire de base du salari\u00e9 port\u00e9. Ce montant est compl\u00e9t\u00e9 chaque mois par la soci\u00e9t\u00e9 de portage salarial.<br \/>\n<br \/>\n<b>Une transparence totale<\/b><br \/>\n<br \/>\nLe montant de la r\u00e9serve financi\u00e8re doit appara\u00eetre clairement et sans ambigu\u00eft\u00e9 sur le compte d&#8217;activit\u00e9 du salari\u00e9 port\u00e9.<br \/>\n<br \/>\n<b>En CDI et CDD<\/b><br \/>\n<br \/>\nLes salari\u00e9s port\u00e9s doivent mettre de c\u00f4t\u00e9 chaque mois une partie de leur r\u00e9mun\u00e9ration, appel\u00e9e &#8220;r\u00e9serve financi\u00e8re&#8221;. Cette somme est destin\u00e9e \u00e0 financer les indemnit\u00e9s de fin de contrat en CDI, et l&#8217;indemnit\u00e9 de pr\u00e9carit\u00e9 en CDD.<br \/>\n<br \/>\nLa r\u00e9serve financi\u00e8re est une s\u00e9curit\u00e9 importante pour les salari\u00e9s port\u00e9s. Elle leur permet de faire face aux impr\u00e9vus, tels qu&#8217;une baisse d&#8217;activit\u00e9 ou une rupture de contrat.<\/p>\n<\/div><div class=\"\" data-hide-desktoplandscape=\"1\" data-hide-desktopportrait=\"1\" data-hide-mobilelandscape=\"1\" data-hide-mobileportrait=\"1\"><p class=\"n2-font-707bfdf506e73055d99c80e5e7505cf2-paragraph  \">  <b>Une obligation l\u00e9gale<\/b><br \/>\n<br \/>\nLa r\u00e9serve financi\u00e8re est pr\u00e9vue par la convention collective de branche des salari\u00e9s en portage salarial du 22 mars 2017. Elle est \u00e9galement appel\u00e9e &#8220;provision sur compte d&#8217;activit\u00e9&#8221; dans l&#8217;article 21.4 de la convention.<br \/>\n<br \/>\n<b>Un montant fixe<\/b><br \/>\n<br \/>\nLe montant de la r\u00e9serve financi\u00e8re est fix\u00e9 \u00e0 10 % du salaire de base du salari\u00e9 port\u00e9. Ce montant est compl\u00e9t\u00e9 chaque mois par la soci\u00e9t\u00e9 de portage salarial.<br \/>\n<br \/>\n<b>Une transparence totale<\/b><br \/>\n<br \/>\nLe montant de la r\u00e9serve financi\u00e8re doit appara\u00eetre clairement et sans ambigu\u00eft\u00e9 sur le compte d&#8217;activit\u00e9 du salari\u00e9 port\u00e9.<br \/>\n<br \/>\n<b>En CDI et CDD<\/b><br \/>\n<br \/>\nLes salari\u00e9s port\u00e9s doivent mettre de c\u00f4t\u00e9 chaque mois une partie de leur r\u00e9mun\u00e9ration, appel\u00e9e &#8220;r\u00e9serve financi\u00e8re&#8221;. Cette somme est destin\u00e9e \u00e0 financer les indemnit\u00e9s de fin de contrat en CDI, et l&#8217;indemnit\u00e9 de pr\u00e9carit\u00e9 en CDD.<br \/>\n<br \/>\nLa r\u00e9serve financi\u00e8re est une s\u00e9curit\u00e9 importante pour les salari\u00e9s port\u00e9s. Elle leur permet de faire face aux impr\u00e9vus, tels qu&#8217;une baisse d&#8217;activit\u00e9 ou une rupture de contrat.<\/p>\n<\/div><div class=\"\" data-hide-mobilelandscape=\"1\" data-hide-mobileportrait=\"1\" data-hide-tabletlandscape=\"1\" data-hide-tabletportrait=\"1\"><p class=\"n2-font-707bfdf506e73055d99c80e5e7505cf2-paragraph   \"> <b>Une obligation l\u00e9gale<\/b><br \/>\n<br \/>\nLa r\u00e9serve financi\u00e8re est pr\u00e9vue par la convention collective de branche des salari\u00e9s en portage salarial du 22 mars 2017. Elle est \u00e9galement appel\u00e9e &#8220;provision sur compte d&#8217;activit\u00e9&#8221; dans l&#8217;article 21.4 de la convention.<br \/>\n<br \/>\n<b>Un montant fixe<\/b><br \/>\n<br \/>\nLe montant de la r\u00e9serve financi\u00e8re est fix\u00e9 \u00e0 10 % du salaire de base du salari\u00e9 port\u00e9. Ce montant est compl\u00e9t\u00e9 chaque mois par la soci\u00e9t\u00e9 de portage salarial.<br \/>\n<br \/>\n<b>Une transparence totale<\/b><br \/>\n<br \/>\nLe montant de la r\u00e9serve financi\u00e8re doit appara\u00eetre clairement et sans ambigu\u00eft\u00e9 sur le compte d&#8217;activit\u00e9 du salari\u00e9 port\u00e9.<br \/>\n<br \/>\n<b>En CDI et CDD<\/b><br \/>\n<br \/>\nLes salari\u00e9s port\u00e9s doivent mettre de c\u00f4t\u00e9 chaque mois une partie de leur r\u00e9mun\u00e9ration, appel\u00e9e &#8220;r\u00e9serve financi\u00e8re&#8221;. Cette somme est destin\u00e9e \u00e0 financer les indemnit\u00e9s de fin de contrat en CDI, et l&#8217;indemnit\u00e9 de pr\u00e9carit\u00e9 en CDD.<br \/>\n<br \/>\nLa r\u00e9serve financi\u00e8re est une s\u00e9curit\u00e9 importante pour les salari\u00e9s port\u00e9s. Elle leur permet de faire face aux impr\u00e9vus, tels qu&#8217;une baisse d&#8217;activit\u00e9 ou une rupture de contrat.<\/p>\n<\/div><\/div><\/div><div class=\"n2-ss-layer n2-ow n-uc-rL50xmYeJcE0\" data-pm=\"normal\" data-sstype=\"layer\"><div class=\" n2-ss-item-image-content n2-ss-item-content n2-ow-all\"><img loading=\"lazy\" decoding=\"async\" id=\"n2-ss-28item5\" alt=\"\" class=\"skip-lazy\" width=\"2560\" height=\"1707\" data-skip-lazy=\"1\" src=\"\/\/ethik-portage.fr\/wp-content\/uploads\/2023\/12\/hand-putting-mix-coins-seed-clear-bottle-copyspace-business-investment-growth-concept-scaled.jpg\" \/><\/div><\/div><div class=\"n2-ss-layer n2-ow n-uc-6LlFggnsBVrZ\" data-pm=\"normal\" data-sstype=\"layer\"><div id=\"n2-ss-28item6\" class=\"n2-font-8faf084075a575ef5558f90251263cd8-hover   n2-ss-item-content n2-ss-text n2-ow\" style=\"display:block;\"> CDI :  fin de mission ou  fin de contrat<\/div><\/div><div class=\"n2-ss-layer n2-ow n-uc-8COgAD772ZLb\" data-pm=\"normal\" data-sstype=\"layer\"><div class=\"n2-ss-item-content n2-ss-text n2-ow-all\"><div data-hide-desktoplandscape=\"1\" data-hide-desktopportrait=\"1\" data-hide-tabletlandscape=\"1\" data-hide-tabletportrait=\"1\"><p class=\"n2-font-707bfdf506e73055d99c80e5e7505cf2-paragraph   \">  En CDI, la r\u00e9serve financi\u00e8re peut \u00eatre mobilis\u00e9e pour deux raisons :<br \/>\n<br \/> <br \/>\n<b>Pour verser l&#8217;indemnit\u00e9 de rupture conventionnelle<\/b><br \/>\n<br \/>\nEn cas de rupture conventionnelle, le salari\u00e9 port\u00e9 re\u00e7oit une indemnit\u00e9 l\u00e9gale. Cette indemnit\u00e9 est financ\u00e9e par la r\u00e9serve financi\u00e8re. Sans cette r\u00e9serve financi\u00e8re, le salari\u00e9 port\u00e9 serait oblig\u00e9 de d\u00e9missionner, ce qui lui fermerait les portes des allocations ch\u00f4mage.<br \/>\n<br \/>\n<b>Pour verser l&#8217;allocation de prospection<\/b><br \/>\n<br \/>\nLorsque la mission du salari\u00e9 port\u00e9 se termine, il peut rester en contrat de travail avec la soci\u00e9t\u00e9 de portage salarial. Durant cette p\u00e9riode, il peut b\u00e9n\u00e9ficier d&#8217;une allocation de prospection, pr\u00e9vue par la convention collective du portage salarial. Cette allocation est \u00e9galement financ\u00e9e par la r\u00e9serve financi\u00e8re.<\/p>\n<\/div><div class=\"\" data-hide-desktoplandscape=\"1\" data-hide-desktopportrait=\"1\" data-hide-mobilelandscape=\"1\" data-hide-mobileportrait=\"1\"><p class=\"n2-font-707bfdf506e73055d99c80e5e7505cf2-paragraph  \">  En CDI, la r\u00e9serve financi\u00e8re peut \u00eatre mobilis\u00e9e pour deux raisons :<br \/>\n<br \/> <br \/>\n<b>Pour verser l&#8217;indemnit\u00e9 de rupture conventionnelle<\/b><br \/>\n<br \/>\nEn cas de rupture conventionnelle, le salari\u00e9 port\u00e9 re\u00e7oit une indemnit\u00e9 l\u00e9gale. Cette indemnit\u00e9 est financ\u00e9e par la r\u00e9serve financi\u00e8re. Sans cette r\u00e9serve financi\u00e8re, le salari\u00e9 port\u00e9 serait oblig\u00e9 de d\u00e9missionner, ce qui lui fermerait les portes des allocations ch\u00f4mage.<br \/>\n<br \/>\n<b>Pour verser l&#8217;allocation de prospection<\/b><br \/>\n<br \/>\nLorsque la mission du salari\u00e9 port\u00e9 se termine, il peut rester en contrat de travail avec la soci\u00e9t\u00e9 de portage salarial. Durant cette p\u00e9riode, il peut b\u00e9n\u00e9ficier d&#8217;une allocation de prospection, pr\u00e9vue par la convention collective du portage salarial. Cette allocation est \u00e9galement financ\u00e9e par la r\u00e9serve financi\u00e8re.<\/p>\n<\/div><div class=\"\" data-hide-mobilelandscape=\"1\" data-hide-mobileportrait=\"1\" data-hide-tabletlandscape=\"1\" data-hide-tabletportrait=\"1\"><p class=\"n2-font-707bfdf506e73055d99c80e5e7505cf2-paragraph   \"> En CDI, la r\u00e9serve financi\u00e8re peut \u00eatre mobilis\u00e9e pour deux raisons :<br \/>\n<br \/> <br \/>\n<b>Pour verser l&#8217;indemnit\u00e9 de rupture conventionnelle<\/b><br \/>\n<br \/>\nEn cas de rupture conventionnelle, le salari\u00e9 port\u00e9 re\u00e7oit une indemnit\u00e9 l\u00e9gale. Cette indemnit\u00e9 est financ\u00e9e par la r\u00e9serve financi\u00e8re. Sans cette r\u00e9serve financi\u00e8re, le salari\u00e9 port\u00e9 serait oblig\u00e9 de d\u00e9missionner, ce qui lui fermerait les portes des allocations ch\u00f4mage.<br \/>\n<br \/>\n<b>Pour verser l&#8217;allocation de prospection<\/b><br \/>\n<br \/>\nLorsque la mission du salari\u00e9 port\u00e9 se termine, il peut rester en contrat de travail avec la soci\u00e9t\u00e9 de portage salarial. Durant cette p\u00e9riode, il peut b\u00e9n\u00e9ficier d&#8217;une allocation de prospection, pr\u00e9vue par la convention collective du portage salarial. Cette allocation est \u00e9galement financ\u00e9e par la r\u00e9serve financi\u00e8re.<\/p>\n<\/div><\/div><\/div><div class=\"n2-ss-layer n2-ow n-uc-axfbR1odPnwT\" data-pm=\"normal\" data-sstype=\"layer\"><div id=\"n2-ss-28item8\" class=\"n2-font-8faf084075a575ef5558f90251263cd8-hover   n2-ss-item-content n2-ss-text n2-ow\" style=\"display:block;\">En CDD : paiement mensuel<\/div><\/div><div class=\"n2-ss-layer n2-ow n-uc-l724J8wDyuhv\" data-pm=\"normal\" data-sstype=\"layer\"><div class=\"n2-ss-item-content n2-ss-text n2-ow-all\"><div data-hide-desktoplandscape=\"1\" data-hide-desktopportrait=\"1\" data-hide-tabletlandscape=\"1\" data-hide-tabletportrait=\"1\"><p class=\"n2-font-707bfdf506e73055d99c80e5e7505cf2-paragraph   \"> En CDD, la r\u00e9serve financi\u00e8re est destin\u00e9e \u00e0 financer l&#8217;indemnit\u00e9 de pr\u00e9carit\u00e9.<\/p>\n<p class=\"n2-font-707bfdf506e73055d99c80e5e7505cf2-paragraph   \">Cette indemnit\u00e9 est \u00e9gale \u00e0 10 % du total des salaires per\u00e7us pendant la dur\u00e9e du contrat.<\/p>\n<p class=\"n2-font-707bfdf506e73055d99c80e5e7505cf2-paragraph   \">La r\u00e9serve financi\u00e8re est donc vers\u00e9e chaque mois, en m\u00eame temps que le salaire.<\/p>\n<\/div><div class=\"\" data-hide-desktoplandscape=\"1\" data-hide-desktopportrait=\"1\" data-hide-mobilelandscape=\"1\" data-hide-mobileportrait=\"1\"><p class=\"n2-font-707bfdf506e73055d99c80e5e7505cf2-paragraph  \"> En CDD, la r\u00e9serve financi\u00e8re est destin\u00e9e \u00e0 financer l&#8217;indemnit\u00e9 de pr\u00e9carit\u00e9.<\/p>\n<p class=\"n2-font-707bfdf506e73055d99c80e5e7505cf2-paragraph  \">Cette indemnit\u00e9 est \u00e9gale \u00e0 10 % du total des salaires per\u00e7us pendant la dur\u00e9e du contrat.<\/p>\n<p class=\"n2-font-707bfdf506e73055d99c80e5e7505cf2-paragraph  \">La r\u00e9serve financi\u00e8re est donc vers\u00e9e chaque mois, en m\u00eame temps que le salaire.<\/p>\n<\/div><div class=\"\" data-hide-mobilelandscape=\"1\" data-hide-mobileportrait=\"1\" data-hide-tabletlandscape=\"1\" data-hide-tabletportrait=\"1\"><p class=\"n2-font-707bfdf506e73055d99c80e5e7505cf2-paragraph   \"> En CDD, la r\u00e9serve financi\u00e8re est destin\u00e9e \u00e0 financer l&#8217;indemnit\u00e9 de pr\u00e9carit\u00e9.<\/p>\n<p class=\"n2-font-707bfdf506e73055d99c80e5e7505cf2-paragraph   \">Cette indemnit\u00e9 est \u00e9gale \u00e0 10 % du total des salaires per\u00e7us pendant la dur\u00e9e du contrat.<\/p>\n<p class=\"n2-font-707bfdf506e73055d99c80e5e7505cf2-paragraph   \">La r\u00e9serve financi\u00e8re est donc vers\u00e9e chaque mois, en m\u00eame temps que le salaire.<\/p>\n<\/div><\/div><\/div><div class=\"n2-ss-layer n2-ow n-uc-Jn9RZ02CulHf\" data-pm=\"normal\" data-sstype=\"layer\"><div id=\"n2-ss-28item10\" class=\"n2-font-8faf084075a575ef5558f90251263cd8-hover   n2-ss-item-content n2-ss-text n2-ow\" style=\"display:block;\">Conclusion<\/div><\/div><div class=\"n2-ss-layer n2-ow n-uc-drCoLsuxWGLH\" data-pm=\"normal\" data-sstype=\"layer\"><div class=\"n2-ss-item-content n2-ss-text n2-ow-all\"><div data-hide-desktoplandscape=\"1\" data-hide-desktopportrait=\"1\" data-hide-tabletlandscape=\"1\" data-hide-tabletportrait=\"1\"><p class=\"n2-font-707bfdf506e73055d99c80e5e7505cf2-paragraph   \"> La r\u00e9serve financi\u00e8re est une bou\u00e9e de sauvetage pour les salari\u00e9s port\u00e9s. Elle est une garantie de s\u00e9curit\u00e9 financi\u00e8re en cas de rupture de contrat ou de baisse d&#8217;activit\u00e9. C&#8217;est un investissement indispensable pour les salari\u00e9s port\u00e9s qui souhaitent se prot\u00e9ger des al\u00e9as de leur profession.<\/p>\n<\/div><div class=\"\" data-hide-desktoplandscape=\"1\" data-hide-desktopportrait=\"1\" data-hide-mobilelandscape=\"1\" data-hide-mobileportrait=\"1\"><p class=\"n2-font-707bfdf506e73055d99c80e5e7505cf2-paragraph  \"> La r\u00e9serve financi\u00e8re est une bou\u00e9e de sauvetage pour les salari\u00e9s port\u00e9s. Elle est une garantie de s\u00e9curit\u00e9 financi\u00e8re en cas de rupture de contrat ou de baisse d&#8217;activit\u00e9. C&#8217;est un investissement indispensable pour les salari\u00e9s port\u00e9s qui souhaitent se prot\u00e9ger des al\u00e9as de leur profession.<\/p>\n<\/div><div class=\"\" data-hide-mobilelandscape=\"1\" data-hide-mobileportrait=\"1\" data-hide-tabletlandscape=\"1\" data-hide-tabletportrait=\"1\"><p class=\"n2-font-707bfdf506e73055d99c80e5e7505cf2-paragraph   \"> La r\u00e9serve financi\u00e8re est une bou\u00e9e de sauvetage pour les salari\u00e9s port\u00e9s. Elle est une garantie de s\u00e9curit\u00e9 financi\u00e8re en cas de rupture de contrat ou de baisse d&#8217;activit\u00e9. C&#8217;est un investissement indispensable pour les salari\u00e9s port\u00e9s qui souhaitent se prot\u00e9ger des al\u00e9as de leur profession.<\/p>\n<\/div><\/div><\/div><\/div><\/div><\/div><\/div><\/div>                <\/div>\n                            <\/div>\n        <\/div>\n        <\/div><ss3-loader><\/ss3-loader><\/div><\/div><div class=\"n2_clear\"><\/div><\/div><\/ss3-force-full-width><\/div>","protected":false},"excerpt":{"rendered":"","protected":false},"author":1,"featured_media":0,"parent":0,"menu_order":0,"comment_status":"closed","ping_status":"closed","template":"","meta":{"footnotes":""},"class_list":["post-1294","page","type-page","status-publish","hentry"],"_links":{"self":[{"href":"https:\/\/ethik-portage.fr\/index.php\/wp-json\/wp\/v2\/pages\/1294","targetHints":{"allow":["GET"]}}],"collection":[{"href":"https:\/\/ethik-portage.fr\/index.php\/wp-json\/wp\/v2\/pages"}],"about":[{"href":"https:\/\/ethik-portage.fr\/index.php\/wp-json\/wp\/v2\/types\/page"}],"author":[{"embeddable":true,"href":"https:\/\/ethik-portage.fr\/index.php\/wp-json\/wp\/v2\/users\/1"}],"replies":[{"embeddable":true,"href":"https:\/\/ethik-portage.fr\/index.php\/wp-json\/wp\/v2\/comments?post=1294"}],"version-history":[{"count":1,"href":"https:\/\/ethik-portage.fr\/index.php\/wp-json\/wp\/v2\/pages\/1294\/revisions"}],"predecessor-version":[{"id":1295,"href":"https:\/\/ethik-portage.fr\/index.php\/wp-json\/wp\/v2\/pages\/1294\/revisions\/1295"}],"wp:attachment":[{"href":"https:\/\/ethik-portage.fr\/index.php\/wp-json\/wp\/v2\/media?parent=1294"}],"curies":[{"name":"wp","href":"https:\/\/api.w.org\/{rel}","templated":true}]}}