{"id":1286,"date":"2023-12-12T09:07:40","date_gmt":"2023-12-12T09:07:40","guid":{"rendered":"http:\/\/ethik-portage.fr\/?page_id=1286"},"modified":"2023-12-12T09:07:40","modified_gmt":"2023-12-12T09:07:40","slug":"chatgpt-une-menace-ou-une-opportunite-pour-les-freelances","status":"publish","type":"page","link":"https:\/\/ethik-portage.fr\/index.php\/chatgpt-une-menace-ou-une-opportunite-pour-les-freelances\/","title":{"rendered":"ChatGPT : une menace ou une opportunit\u00e9 pour les freelances ?"},"content":{"rendered":"\n\n\n\n\n\n\n\n\n\n\n\n\n\n<div class=\"n2_clear\"><ss3-force-full-width data-overflow-x=\"body\" data-horizontal-selector=\"body\"><div class=\"n2-section-smartslider fitvidsignore  n2_clear\" data-ssid=\"26\"><div id=\"n2-ss-26-align\" class=\"n2-ss-align\"><div class=\"n2-padding\"><div id=\"n2-ss-26\" data-creator=\"Smart Slider 3\" data-responsive=\"fullwidth\" class=\"n2-ss-slider n2-ow n2-has-hover n2notransition  \">\n        <div class=\"n2-ss-slider-1 n2-ow\">\n            <div class=\"n2-ss-slider-2 n2-ow\">\n                <div class=\"n2-ss-slide-backgrounds n2-ow-all\"><div class=\"n2-ss-slide-background\" data-public-id=\"1\" data-mode=\"fill\"><div data-color=\"RGBA(255,255,255,0)\" style=\"background-color: RGBA(255,255,255,0);\" class=\"n2-ss-slide-background-color\"><\/div><\/div><\/div>                <div class=\"n2-ss-slider-3 n2-ow\">\n                    <svg xmlns=\"http:\/\/www.w3.org\/2000\/svg\" viewBox=\"0 0 1200 600\" data-related-device=\"desktopPortrait\" class=\"n2-ow n2-ss-preserve-size n2-ss-preserve-size--slider n2-ss-slide-limiter\"><\/svg><div data-first=\"1\" data-slide-duration=\"0\" data-id=\"49\" data-slide-public-id=\"1\" data-title=\"Slide\" class=\"n2-ss-slide n2-ow  n2-ss-slide-49\"><div role=\"note\" class=\"n2-ss-slide--focus\" tabindex=\"-1\">Slide<\/div><div class=\"n2-ss-layers-container n2-ss-slide-limiter n2-ow\"><div class=\"n2-ss-layer n2-ow n-uc-K7hI7h4fuhhw\" data-sstype=\"slide\" data-pm=\"default\"><div class=\"n2-ss-layer n2-ow n-uc-DZK0bIyr3vW0\" data-pm=\"default\" data-sstype=\"content\" data-hasbackground=\"0\"><div class=\"n2-ss-section-main-content n2-ss-layer-with-background n2-ss-layer-content n2-ow n-uc-DZK0bIyr3vW0-inner\"><div class=\"n2-ss-layer n2-ow n-uc-mgd9pUQVo9ag\" data-pm=\"normal\" data-sstype=\"layer\"><div class=\"n2-ss-item-content n2-ss-text n2-ow-all\"><div data-hide-desktoplandscape=\"1\" data-hide-desktopportrait=\"1\" data-hide-tabletlandscape=\"1\" data-hide-tabletportrait=\"1\"><p class=\"n2-font-707bfdf506e73055d99c80e5e7505cf2-paragraph   \">L&#8217;arriv\u00e9e de ChatGPT, un mod\u00e8le linguistique g\u00e9n\u00e9ratif d\u00e9velopp\u00e9 par OpenAI, a suscit\u00e9 de nombreuses discussions, notamment sur son impact potentiel sur le march\u00e9 du travail. Certains craignent que ChatGPT ne puisse remplacer les freelances qui exercent des activit\u00e9s de r\u00e9daction, tandis que d&#8217;autres pensent qu&#8217;il pourrait ouvrir de nouvelles opportunit\u00e9s.<\/p>\n<\/div><div class=\"\" data-hide-desktoplandscape=\"1\" data-hide-desktopportrait=\"1\" data-hide-mobilelandscape=\"1\" data-hide-mobileportrait=\"1\"><p class=\"n2-font-707bfdf506e73055d99c80e5e7505cf2-paragraph  \">L&#8217;arriv\u00e9e de ChatGPT, un mod\u00e8le linguistique g\u00e9n\u00e9ratif d\u00e9velopp\u00e9 par OpenAI, a suscit\u00e9 de nombreuses discussions, notamment sur son impact potentiel sur le march\u00e9 du travail. Certains craignent que ChatGPT ne puisse remplacer les freelances qui exercent des activit\u00e9s de r\u00e9daction, tandis que d&#8217;autres pensent qu&#8217;il pourrait ouvrir de nouvelles opportunit\u00e9s.<\/p>\n<\/div><div class=\"\" data-hide-mobilelandscape=\"1\" data-hide-mobileportrait=\"1\" data-hide-tabletlandscape=\"1\" data-hide-tabletportrait=\"1\"><p class=\"n2-font-707bfdf506e73055d99c80e5e7505cf2-paragraph   \">L&#8217;arriv\u00e9e de ChatGPT, un mod\u00e8le linguistique g\u00e9n\u00e9ratif d\u00e9velopp\u00e9 par OpenAI, a suscit\u00e9 de nombreuses discussions, notamment sur son impact potentiel sur le march\u00e9 du travail. Certains craignent que ChatGPT ne puisse remplacer les freelances qui exercent des activit\u00e9s de r\u00e9daction, tandis que d&#8217;autres pensent qu&#8217;il pourrait ouvrir de nouvelles opportunit\u00e9s.<\/p>\n<\/div><\/div><\/div><div class=\"n2-ss-layer n2-ow n-uc-KsSRIZsAm5RR\" data-pm=\"normal\" data-sstype=\"layer\"><div class=\" n2-ss-item-image-content n2-ss-item-content n2-ow-all\"><img loading=\"lazy\" decoding=\"async\" id=\"n2-ss-26item2\" alt=\"\" class=\"skip-lazy\" width=\"2560\" height=\"1920\" data-skip-lazy=\"1\" src=\"\/\/ethik-portage.fr\/wp-content\/uploads\/2023\/12\/ai-cloud-concept-with-robot-arm-scaled.jpg\" \/><\/div><\/div><div class=\"n2-ss-layer n2-ow n-uc-Wafl2hxdxN16\" data-pm=\"normal\" data-sstype=\"layer\"><div id=\"n2-ss-26item3\" class=\"n2-font-e676b50d7f053a4a75a0407d9456e3ff-hover   n2-ss-item-content n2-ss-text n2-ow\" style=\"display:block;\">Une menace r\u00e9elle pour certains types de t\u00e2ches<\/div><\/div><div class=\"n2-ss-layer n2-ow n-uc-0mkwF5JYznMO\" data-pm=\"normal\" data-sstype=\"layer\"><div class=\"n2-ss-item-content n2-ss-text n2-ow-all\"><div data-hide-desktoplandscape=\"1\" data-hide-desktopportrait=\"1\" data-hide-tabletlandscape=\"1\" data-hide-tabletportrait=\"1\"><p class=\"n2-font-707bfdf506e73055d99c80e5e7505cf2-paragraph   \">ChatGPT est capable de produire des textes de qualit\u00e9 humaine dans une vari\u00e9t\u00e9 de formats, notamment des articles de blog, des descriptions de produits, des e-mails et des lettres. Cela signifie qu&#8217;il pourrait potentiellement remplacer certains types de travail de r\u00e9daction, notamment ceux qui sont r\u00e9p\u00e9titifs ou qui ne n\u00e9cessitent pas un haut niveau de cr\u00e9ativit\u00e9.<br \/>\n<br \/>\nEn effet, ChatGPT peut \u00eatre utilis\u00e9 pour g\u00e9n\u00e9rer des textes \u00e0 partir de quelques informations de base, ce qui pourrait conduire \u00e0 une baisse de la demande de r\u00e9dacteurs web freelances pour ces types de t\u00e2ches.<\/p>\n<\/div><div class=\"\" data-hide-desktoplandscape=\"1\" data-hide-desktopportrait=\"1\" data-hide-mobilelandscape=\"1\" data-hide-mobileportrait=\"1\"><p class=\"n2-font-707bfdf506e73055d99c80e5e7505cf2-paragraph  \"> ChatGPT est capable de produire des textes de qualit\u00e9 humaine dans une vari\u00e9t\u00e9 de formats, notamment des articles de blog, des descriptions de produits, des e-mails et des lettres. Cela signifie qu&#8217;il pourrait potentiellement remplacer certains types de travail de r\u00e9daction, notamment ceux qui sont r\u00e9p\u00e9titifs ou qui ne n\u00e9cessitent pas un haut niveau de cr\u00e9ativit\u00e9.<br \/>\n<br \/>\nEn effet, ChatGPT peut \u00eatre utilis\u00e9 pour g\u00e9n\u00e9rer des textes \u00e0 partir de quelques informations de base, ce qui pourrait conduire \u00e0 une baisse de la demande de r\u00e9dacteurs web freelances pour ces types de t\u00e2ches.<\/p>\n<\/div><div class=\"\" data-hide-mobilelandscape=\"1\" data-hide-mobileportrait=\"1\" data-hide-tabletlandscape=\"1\" data-hide-tabletportrait=\"1\"><p class=\"n2-font-707bfdf506e73055d99c80e5e7505cf2-paragraph   \">ChatGPT est capable de produire des textes de qualit\u00e9 humaine dans une vari\u00e9t\u00e9 de formats, notamment des articles de blog, des descriptions de produits, des e-mails et des lettres. Cela signifie qu&#8217;il pourrait potentiellement remplacer certains types de travail de r\u00e9daction, notamment ceux qui sont r\u00e9p\u00e9titifs ou qui ne n\u00e9cessitent pas un haut niveau de cr\u00e9ativit\u00e9.<br \/>\n<br \/>\nEn effet, ChatGPT peut \u00eatre utilis\u00e9 pour g\u00e9n\u00e9rer des textes \u00e0 partir de quelques informations de base, ce qui pourrait conduire \u00e0 une baisse de la demande de r\u00e9dacteurs web freelances pour ces types de t\u00e2ches.<\/p>\n<\/div><\/div><\/div><div class=\"n2-ss-layer n2-ow n-uc-5VmdLbC54A3z\" data-pm=\"normal\" data-sstype=\"layer\"><div class=\" n2-ss-item-image-content n2-ss-item-content n2-ow-all\"><img loading=\"lazy\" decoding=\"async\" id=\"n2-ss-26item5\" alt=\"\" class=\"skip-lazy\" width=\"2560\" height=\"1707\" data-skip-lazy=\"1\" src=\"\/\/ethik-portage.fr\/wp-content\/uploads\/2023\/12\/person-using-ai-tool-job-scaled.jpg\" \/><\/div><\/div><div class=\"n2-ss-layer n2-ow n-uc-0FqHFmnLiKdU\" data-pm=\"normal\" data-sstype=\"layer\"><div id=\"n2-ss-26item6\" class=\"n2-font-8faf084075a575ef5558f90251263cd8-hover   n2-ss-item-content n2-ss-text n2-ow\" style=\"display:block;\">Des freelances  se trouvent dans l&#8217;obligation de r\u00e9orienter leur carri\u00e8re.<\/div><\/div><div class=\"n2-ss-layer n2-ow n-uc-sCpvtAFxSOvr\" data-pm=\"normal\" data-sstype=\"layer\"><div class=\"n2-ss-item-content n2-ss-text n2-ow-all\"><div data-hide-desktoplandscape=\"1\" data-hide-desktopportrait=\"1\" data-hide-tabletlandscape=\"1\" data-hide-tabletportrait=\"1\"><p class=\"n2-font-707bfdf506e73055d99c80e5e7505cf2-paragraph   \">  La baisse d&#8217;activit\u00e9 li\u00e9e \u00e0 l&#8217;\u00e9mergence de ChatGPT pourrait conduire certains freelances \u00e0 changer de m\u00e9tier. En effet, les freelances qui se concentrent sur des t\u00e2ches qui pourraient \u00eatre automatis\u00e9es par ChatGPT risquent de se retrouver sans travail.<br \/>\n<br \/>\nUne \u00e9tude r\u00e9alis\u00e9e par l&#8217;universit\u00e9 de Stanford a r\u00e9v\u00e9l\u00e9 que les freelances qui se concentrent sur des t\u00e2ches r\u00e9p\u00e9titives, comme la r\u00e9daction de contenu promotionnel ou la cr\u00e9ation de descriptions de produits, sont les plus susceptibles d&#8217;\u00eatre remplac\u00e9s par ChatGPT.<\/p>\n<\/div><div class=\"\" data-hide-desktoplandscape=\"1\" data-hide-desktopportrait=\"1\" data-hide-mobilelandscape=\"1\" data-hide-mobileportrait=\"1\"><p class=\"n2-font-707bfdf506e73055d99c80e5e7505cf2-paragraph  \">  La baisse d&#8217;activit\u00e9 li\u00e9e \u00e0 l&#8217;\u00e9mergence de ChatGPT pourrait conduire certains freelances \u00e0 changer de m\u00e9tier. En effet, les freelances qui se concentrent sur des t\u00e2ches qui pourraient \u00eatre automatis\u00e9es par ChatGPT risquent de se retrouver sans travail.<br \/>\n<br \/>\nUne \u00e9tude r\u00e9alis\u00e9e par l&#8217;universit\u00e9 de Stanford a r\u00e9v\u00e9l\u00e9 que les freelances qui se concentrent sur des t\u00e2ches r\u00e9p\u00e9titives, comme la r\u00e9daction de contenu promotionnel ou la cr\u00e9ation de descriptions de produits, sont les plus susceptibles d&#8217;\u00eatre remplac\u00e9s par ChatGPT.<\/p>\n<\/div><div class=\"\" data-hide-mobilelandscape=\"1\" data-hide-mobileportrait=\"1\" data-hide-tabletlandscape=\"1\" data-hide-tabletportrait=\"1\"><p class=\"n2-font-707bfdf506e73055d99c80e5e7505cf2-paragraph   \"> La baisse d&#8217;activit\u00e9 li\u00e9e \u00e0 l&#8217;\u00e9mergence de ChatGPT pourrait conduire certains freelances \u00e0 changer de m\u00e9tier. En effet, les freelances qui se concentrent sur des t\u00e2ches qui pourraient \u00eatre automatis\u00e9es par ChatGPT risquent de se retrouver sans travail.<br \/>\n<br \/>\nUne \u00e9tude r\u00e9alis\u00e9e par l&#8217;universit\u00e9 de Stanford a r\u00e9v\u00e9l\u00e9 que les freelances qui se concentrent sur des t\u00e2ches r\u00e9p\u00e9titives, comme la r\u00e9daction de contenu promotionnel ou la cr\u00e9ation de descriptions de produits, sont les plus susceptibles d&#8217;\u00eatre remplac\u00e9s par ChatGPT.<\/p>\n<\/div><\/div><\/div><div class=\"n2-ss-layer n2-ow n-uc-2w5au2irVv9q\" data-pm=\"normal\" data-sstype=\"layer\"><div id=\"n2-ss-26item8\" class=\"n2-font-8faf084075a575ef5558f90251263cd8-hover   n2-ss-item-content n2-ss-text n2-ow\" style=\"display:block;\">Diverses options pour faire face \u00e0 l&#8217;essor de ChatGPT.<\/div><\/div><div class=\"n2-ss-layer n2-ow n-uc-62u9kpIC786F\" data-pm=\"normal\" data-sstype=\"layer\"><div class=\"n2-ss-item-content n2-ss-text n2-ow-all\"><div data-hide-desktoplandscape=\"1\" data-hide-desktopportrait=\"1\" data-hide-tabletlandscape=\"1\" data-hide-tabletportrait=\"1\"><p class=\"n2-font-707bfdf506e73055d99c80e5e7505cf2-paragraph   \">  Les freelances qui souhaitent \u00e9viter de changer de m\u00e9tier face \u00e0 l&#8217;\u00e9mergence de ChatGPT doivent se concentrer sur des t\u00e2ches qui ne peuvent pas \u00eatre automatis\u00e9es. Ces t\u00e2ches peuvent inclure :<br \/>\n<br \/>\n<b> 1. La r\u00e9daction de contenu complexe ou technique<\/b><br \/>\n<b> 2.  La cr\u00e9ation de contenu cr\u00e9atif ou original<br \/>\n3. La traduction<br \/>\n4. La r\u00e9daction de contenu marketing <\/b><br \/>\n<br \/>\nLes freelances peuvent \u00e9galement se diff\u00e9rencier de ChatGPT en offrant des services de haute qualit\u00e9 et en se concentrant sur la satisfaction du client. Ils peuvent \u00e9galement d\u00e9velopper leurs comp\u00e9tences en marketing et en vente afin de trouver de nouveaux clients.<\/p>\n<\/div><div class=\"\" data-hide-desktoplandscape=\"1\" data-hide-desktopportrait=\"1\" data-hide-mobilelandscape=\"1\" data-hide-mobileportrait=\"1\"><p class=\"n2-font-707bfdf506e73055d99c80e5e7505cf2-paragraph  \">  Les freelances qui souhaitent \u00e9viter de changer de m\u00e9tier face \u00e0 l&#8217;\u00e9mergence de ChatGPT doivent se concentrer sur des t\u00e2ches qui ne peuvent pas \u00eatre automatis\u00e9es. Ces t\u00e2ches peuvent inclure :<br \/>\n<br \/>\n<b> 1. La r\u00e9daction de contenu complexe ou technique<\/b><br \/>\n<b> 2.  La cr\u00e9ation de contenu cr\u00e9atif ou original<br \/>\n3. La traduction<br \/>\n4. La r\u00e9daction de contenu marketing <\/b><br \/>\n<br \/>\nLes freelances peuvent \u00e9galement se diff\u00e9rencier de ChatGPT en offrant des services de haute qualit\u00e9 et en se concentrant sur la satisfaction du client. Ils peuvent \u00e9galement d\u00e9velopper leurs comp\u00e9tences en marketing et en vente afin de trouver de nouveaux clients.<\/p>\n<\/div><div class=\"\" data-hide-mobilelandscape=\"1\" data-hide-mobileportrait=\"1\" data-hide-tabletlandscape=\"1\" data-hide-tabletportrait=\"1\"><p class=\"n2-font-707bfdf506e73055d99c80e5e7505cf2-paragraph   \"> Les freelances qui souhaitent \u00e9viter de changer de m\u00e9tier face \u00e0 l&#8217;\u00e9mergence de ChatGPT doivent se concentrer sur des t\u00e2ches qui ne peuvent pas \u00eatre automatis\u00e9es. Ces t\u00e2ches peuvent inclure :<br \/>\n<br \/>\n<b> 1. La r\u00e9daction de contenu complexe ou technique<\/b><br \/>\n<b> 2.  La cr\u00e9ation de contenu cr\u00e9atif ou original<br \/>\n3. La traduction<br \/>\n4. La r\u00e9daction de contenu marketing <\/b><br \/>\n<br \/>\nLes freelances peuvent \u00e9galement se diff\u00e9rencier de ChatGPT en offrant des services de haute qualit\u00e9 et en se concentrant sur la satisfaction du client. Ils peuvent \u00e9galement d\u00e9velopper leurs comp\u00e9tences en marketing et en vente afin de trouver de nouveaux clients.<\/p>\n<\/div><\/div><\/div><div class=\"n2-ss-layer n2-ow n-uc-153ec239e4f7c\" data-pm=\"normal\" data-sstype=\"layer\"><div id=\"n2-ss-26item10\" class=\"n2-font-8faf084075a575ef5558f90251263cd8-hover   n2-ss-item-content n2-ss-text n2-ow\" style=\"display:block;\">Conclusion<\/div><\/div><div class=\"n2-ss-layer n2-ow n-uc-1c51c7d6c8a7e\" data-pm=\"normal\" data-sstype=\"layer\"><div class=\"n2-ss-item-content n2-ss-text n2-ow-all\"><div data-hide-desktoplandscape=\"1\" data-hide-desktopportrait=\"1\" data-hide-tabletlandscape=\"1\" data-hide-tabletportrait=\"1\"><p class=\"n2-font-707bfdf506e73055d99c80e5e7505cf2-paragraph   \"> L&#8217;\u00e9mergence de ChatGPT repr\u00e9sente une menace r\u00e9elle pour certains freelances qui exercent des activit\u00e9s de r\u00e9daction. Cependant, il existe des alternatives qui permettent aux freelances de surmonter cette menace. En se concentrant sur des t\u00e2ches qui ne peuvent pas \u00eatre automatis\u00e9es et en offrant des services de haute qualit\u00e9, les freelances peuvent continuer \u00e0 \u00eatre comp\u00e9titifs sur le march\u00e9 du travail.<\/p>\n<\/div><div class=\"\" data-hide-desktoplandscape=\"1\" data-hide-desktopportrait=\"1\" data-hide-mobilelandscape=\"1\" data-hide-mobileportrait=\"1\"><p class=\"n2-font-707bfdf506e73055d99c80e5e7505cf2-paragraph  \"> L&#8217;\u00e9mergence de ChatGPT repr\u00e9sente une menace r\u00e9elle pour certains freelances qui exercent des activit\u00e9s de r\u00e9daction. Cependant, il existe des alternatives qui permettent aux freelances de surmonter cette menace. En se concentrant sur des t\u00e2ches qui ne peuvent pas \u00eatre automatis\u00e9es et en offrant des services de haute qualit\u00e9, les freelances peuvent continuer \u00e0 \u00eatre comp\u00e9titifs sur le march\u00e9 du travail.<\/p>\n<\/div><div class=\"\" data-hide-mobilelandscape=\"1\" data-hide-mobileportrait=\"1\" data-hide-tabletlandscape=\"1\" data-hide-tabletportrait=\"1\"><p class=\"n2-font-707bfdf506e73055d99c80e5e7505cf2-paragraph   \">L&#8217;\u00e9mergence de ChatGPT repr\u00e9sente une menace r\u00e9elle pour certains freelances qui exercent des activit\u00e9s de r\u00e9daction. Cependant, il existe des alternatives qui permettent aux freelances de surmonter cette menace. En se concentrant sur des t\u00e2ches qui ne peuvent pas \u00eatre automatis\u00e9es et en offrant des services de haute qualit\u00e9, les freelances peuvent continuer \u00e0 \u00eatre comp\u00e9titifs sur le march\u00e9 du travail.<\/p>\n<\/div><\/div><\/div><\/div><\/div><\/div><\/div><\/div>                <\/div>\n                            <\/div>\n        <\/div>\n        <\/div><ss3-loader><\/ss3-loader><\/div><\/div><div class=\"n2_clear\"><\/div><\/div><\/ss3-force-full-width><\/div>","protected":false},"excerpt":{"rendered":"","protected":false},"author":1,"featured_media":0,"parent":0,"menu_order":0,"comment_status":"closed","ping_status":"closed","template":"","meta":{"footnotes":""},"class_list":["post-1286","page","type-page","status-publish","hentry"],"_links":{"self":[{"href":"https:\/\/ethik-portage.fr\/index.php\/wp-json\/wp\/v2\/pages\/1286","targetHints":{"allow":["GET"]}}],"collection":[{"href":"https:\/\/ethik-portage.fr\/index.php\/wp-json\/wp\/v2\/pages"}],"about":[{"href":"https:\/\/ethik-portage.fr\/index.php\/wp-json\/wp\/v2\/types\/page"}],"author":[{"embeddable":true,"href":"https:\/\/ethik-portage.fr\/index.php\/wp-json\/wp\/v2\/users\/1"}],"replies":[{"embeddable":true,"href":"https:\/\/ethik-portage.fr\/index.php\/wp-json\/wp\/v2\/comments?post=1286"}],"version-history":[{"count":1,"href":"https:\/\/ethik-portage.fr\/index.php\/wp-json\/wp\/v2\/pages\/1286\/revisions"}],"predecessor-version":[{"id":1287,"href":"https:\/\/ethik-portage.fr\/index.php\/wp-json\/wp\/v2\/pages\/1286\/revisions\/1287"}],"wp:attachment":[{"href":"https:\/\/ethik-portage.fr\/index.php\/wp-json\/wp\/v2\/media?parent=1286"}],"curies":[{"name":"wp","href":"https:\/\/api.w.org\/{rel}","templated":true}]}}